{"id":64955,"date":"2024-03-22T13:33:52","date_gmt":"2024-03-22T12:33:52","guid":{"rendered":"https:\/\/abinox-chr-clim.com\/index.php\/product\/fourchette-olympia-kelso-pour-enfants-lot-de-12\/"},"modified":"2026-04-11T08:25:16","modified_gmt":"2026-04-11T06:25:16","slug":"fourchette-olympia-kelso-pour-enfants-lot-de-12","status":"publish","type":"product","link":"https:\/\/abinox-chr-clim.com\/index.php\/product\/fourchette-olympia-kelso-pour-enfants-lot-de-12\/","title":{"rendered":"Fourchette Olympia Kelso pour enfants (Lot de 12)"},"content":{"rendered":"<p>Couverts en acier inoxydable 18\/0 de plus petite taille sp\u00e9cialement con\u00e7us pour les enfants.<br \/>Petite taille pour que les enfants puissent apprendre \u00e0 table d\u00e8s leur plus jeune \u00e2ge. Finition polie pour correspondre aux couverts standard. Acier inoxydable 18\/0 pour une meilleure durabilit\u00e9. Quantit\u00e9 par paquet : 12 pour un bon rapport qualit\u00e9-prix. Petite taille pour que les enfants puissent apprendre \u00e0 table d\u00e8s leur plus jeune \u00e2ge.<\/p>\n<p>Caract\u00e9ristiques :<br \/>Lot : 12.<br \/> Dimensions : 145(L) mm.<br \/> Mati\u00e8re : Acier inoxydable 18\/0.<\/p>\n","protected":false},"excerpt":{"rendered":"<p>Fourchette Olympia Kelso pour enfants (Lot de 12)<\/p>\n","protected":false},"featured_media":104990,"comment_status":"closed","ping_status":"closed","template":"","meta":[],"product_brand":[],"product_cat":[1023,1031,1297,1038],"product_tag":[],"class_list":{"0":"post-64955","1":"product","2":"type-product","3":"status-publish","4":"has-post-thumbnail","6":"product_cat-art-de-la-table","7":"product_cat-couverts","8":"product_cat-non-palettisable","9":"product_cat-olympia","10":"product_shipping_class-free-shipping","12":"first","13":"instock","14":"featured","15":"taxable","16":"shipping-taxable","17":"purchasable","18":"product-type-simple"},"_links":{"self":[{"href":"https:\/\/abinox-chr-clim.com\/index.php\/wp-json\/wp\/v2\/product\/64955","targetHints":{"allow":["GET"]}}],"collection":[{"href":"https:\/\/abinox-chr-clim.com\/index.php\/wp-json\/wp\/v2\/product"}],"about":[{"href":"https:\/\/abinox-chr-clim.com\/index.php\/wp-json\/wp\/v2\/types\/product"}],"replies":[{"embeddable":true,"href":"https:\/\/abinox-chr-clim.com\/index.php\/wp-json\/wp\/v2\/comments?post=64955"}],"wp:featuredmedia":[{"embeddable":true,"href":"https:\/\/abinox-chr-clim.com\/index.php\/wp-json\/wp\/v2\/media\/104990"}],"wp:attachment":[{"href":"https:\/\/abinox-chr-clim.com\/index.php\/wp-json\/wp\/v2\/media?parent=64955"}],"wp:term":[{"taxonomy":"product_brand","embeddable":true,"href":"https:\/\/abinox-chr-clim.com\/index.php\/wp-json\/wp\/v2\/product_brand?post=64955"},{"taxonomy":"product_cat","embeddable":true,"href":"https:\/\/abinox-chr-clim.com\/index.php\/wp-json\/wp\/v2\/product_cat?post=64955"},{"taxonomy":"product_tag","embeddable":true,"href":"https:\/\/abinox-chr-clim.com\/index.php\/wp-json\/wp\/v2\/product_tag?post=64955"}],"curies":[{"name":"wp","href":"https:\/\/api.w.org\/{rel}","templated":true}]}}