{"id":64904,"date":"2024-03-22T13:33:34","date_gmt":"2024-03-22T12:33:34","guid":{"rendered":"https:\/\/abinox-chr-clim.com\/index.php\/product\/couteaux-a-steak-churrasco-comas-25-cm-x6\/"},"modified":"2025-07-18T15:45:55","modified_gmt":"2025-07-18T13:45:55","slug":"couteaux-a-steak-churrasco-comas-25-cm-x6","status":"publish","type":"product","link":"https:\/\/abinox-chr-clim.com\/index.php\/product\/couteaux-a-steak-churrasco-comas-25-cm-x6\/","title":{"rendered":"Couteaux \u00e0 steak Churrasco Comas 25 cm (x6)"},"content":{"rendered":"<p>Lames en acier inoxydable larges et tr\u00e8s coupantes. Manche en bois sculpt\u00e9s pour une prise en main s\u00fbre et confortable. Rivet\u00e9 pour la solidit\u00e9. Lames en acier inoxydable larges et tr\u00e8s coupantes.<\/p>\n<p>Caract\u00e9ristiques :<br \/>Lot : 6.<br \/> Dimensions : 250mm (L).<br \/> Mati\u00e8re : Inox et bois<\/p>\n","protected":false},"excerpt":{"rendered":"<p>Couteaux \u00e0 steak Churrasco Comas 25 cm (x6)<\/p>\n","protected":false},"featured_media":96413,"comment_status":"closed","ping_status":"closed","template":"","meta":[],"product_brand":[],"product_cat":[1023,1031,1036,1297],"product_tag":[],"class_list":{"0":"post-64904","1":"product","2":"type-product","3":"status-publish","4":"has-post-thumbnail","6":"product_cat-art-de-la-table","7":"product_cat-couverts","8":"product_cat-divers-couverts","9":"product_cat-non-palettisable","10":"product_shipping_class-free-shipping","12":"first","13":"outofstock","14":"featured","15":"taxable","16":"shipping-taxable","17":"purchasable","18":"product-type-simple"},"_links":{"self":[{"href":"https:\/\/abinox-chr-clim.com\/index.php\/wp-json\/wp\/v2\/product\/64904","targetHints":{"allow":["GET"]}}],"collection":[{"href":"https:\/\/abinox-chr-clim.com\/index.php\/wp-json\/wp\/v2\/product"}],"about":[{"href":"https:\/\/abinox-chr-clim.com\/index.php\/wp-json\/wp\/v2\/types\/product"}],"replies":[{"embeddable":true,"href":"https:\/\/abinox-chr-clim.com\/index.php\/wp-json\/wp\/v2\/comments?post=64904"}],"wp:featuredmedia":[{"embeddable":true,"href":"https:\/\/abinox-chr-clim.com\/index.php\/wp-json\/wp\/v2\/media\/96413"}],"wp:attachment":[{"href":"https:\/\/abinox-chr-clim.com\/index.php\/wp-json\/wp\/v2\/media?parent=64904"}],"wp:term":[{"taxonomy":"product_brand","embeddable":true,"href":"https:\/\/abinox-chr-clim.com\/index.php\/wp-json\/wp\/v2\/product_brand?post=64904"},{"taxonomy":"product_cat","embeddable":true,"href":"https:\/\/abinox-chr-clim.com\/index.php\/wp-json\/wp\/v2\/product_cat?post=64904"},{"taxonomy":"product_tag","embeddable":true,"href":"https:\/\/abinox-chr-clim.com\/index.php\/wp-json\/wp\/v2\/product_tag?post=64904"}],"curies":[{"name":"wp","href":"https:\/\/api.w.org\/{rel}","templated":true}]}}