{"id":64866,"date":"2024-03-22T13:33:23","date_gmt":"2024-03-22T12:33:23","guid":{"rendered":"https:\/\/abinox-chr-clim.com\/index.php\/product\/fourchettes-de-table-amefa-austin-noires-lot-de-12\/"},"modified":"2026-04-02T10:11:24","modified_gmt":"2026-04-02T08:11:24","slug":"fourchettes-de-table-amefa-austin-noires-lot-de-12","status":"publish","type":"product","link":"https:\/\/abinox-chr-clim.com\/index.php\/product\/fourchettes-de-table-amefa-austin-noires-lot-de-12\/","title":{"rendered":"Fourchettes de table Amefa Austin noires (lot de 12)"},"content":{"rendered":"<p>Couverts en inox 18\/0, \u00e9paisseur 2,5mm. La finition mate apporte un style \u00e9l\u00e9gant. Passent au lave-vaisselle. Vendus par 12.<br \/>L&rsquo;acier inoxydable 18\/0 offre une excellente durabilit\u00e9.La finition noire mate apporte un style \u00e9l\u00e9gant. Passe au lave-vaisselle pour un nettoyage rapide. Chaque pi\u00e8ce est v\u00e9rifi\u00e9e pour sa durabilit\u00e9, ses performances et son style. Epaisseur 2,5 mm.L&rsquo;acier inoxydable 18\/0 offre une excellente durabilit\u00e9.<\/p>\n<p>Caract\u00e9ristiques :<br \/>Lot : 12.<br \/> Dimensions : 206(L)mm.<br \/> Mati\u00e8re : Inox 18\/0.<br \/> Couleur : Noir.<\/p>\n","protected":false},"excerpt":{"rendered":"<p>Fourchettes de table Amefa Austin noires (lot de 12)<\/p>\n","protected":false},"featured_media":96618,"comment_status":"closed","ping_status":"closed","template":"","meta":[],"product_brand":[],"product_cat":[1023,1031,1036,1297],"product_tag":[],"class_list":{"0":"post-64866","1":"product","2":"type-product","3":"status-publish","4":"has-post-thumbnail","6":"product_cat-art-de-la-table","7":"product_cat-couverts","8":"product_cat-divers-couverts","9":"product_cat-non-palettisable","10":"product_shipping_class-free-shipping","12":"first","13":"instock","14":"featured","15":"taxable","16":"shipping-taxable","17":"purchasable","18":"product-type-simple"},"_links":{"self":[{"href":"https:\/\/abinox-chr-clim.com\/index.php\/wp-json\/wp\/v2\/product\/64866","targetHints":{"allow":["GET"]}}],"collection":[{"href":"https:\/\/abinox-chr-clim.com\/index.php\/wp-json\/wp\/v2\/product"}],"about":[{"href":"https:\/\/abinox-chr-clim.com\/index.php\/wp-json\/wp\/v2\/types\/product"}],"replies":[{"embeddable":true,"href":"https:\/\/abinox-chr-clim.com\/index.php\/wp-json\/wp\/v2\/comments?post=64866"}],"wp:featuredmedia":[{"embeddable":true,"href":"https:\/\/abinox-chr-clim.com\/index.php\/wp-json\/wp\/v2\/media\/96618"}],"wp:attachment":[{"href":"https:\/\/abinox-chr-clim.com\/index.php\/wp-json\/wp\/v2\/media?parent=64866"}],"wp:term":[{"taxonomy":"product_brand","embeddable":true,"href":"https:\/\/abinox-chr-clim.com\/index.php\/wp-json\/wp\/v2\/product_brand?post=64866"},{"taxonomy":"product_cat","embeddable":true,"href":"https:\/\/abinox-chr-clim.com\/index.php\/wp-json\/wp\/v2\/product_cat?post=64866"},{"taxonomy":"product_tag","embeddable":true,"href":"https:\/\/abinox-chr-clim.com\/index.php\/wp-json\/wp\/v2\/product_tag?post=64866"}],"curies":[{"name":"wp","href":"https:\/\/api.w.org\/{rel}","templated":true}]}}