{"id":64816,"date":"2024-03-22T13:33:08","date_gmt":"2024-03-22T12:33:08","guid":{"rendered":"https:\/\/abinox-chr-clim.com\/index.php\/product\/roulette-a-pizza-oxo-good-grips\/"},"modified":"2026-04-13T06:17:40","modified_gmt":"2026-04-13T04:17:40","slug":"roulette-a-pizza-oxo-good-grips","status":"publish","type":"product","link":"https:\/\/abinox-chr-clim.com\/index.php\/product\/roulette-a-pizza-oxo-good-grips\/","title":{"rendered":"Roulette \u00e0 pizza OXO Good Grips"},"content":{"rendered":"<p>Conception r\u00e9volutionnaire avec poign\u00e9es anti-d\u00e9rapantes absorbant la pression.<\/p>\n<p>Caract\u00e9ristiques :<br \/> Dimensions : 76(L) mm.<br \/> Mati\u00e8re : Inox 18\/0.<br \/> Couleur : Noir.<\/p>\n","protected":false},"excerpt":{"rendered":"<p>Roulette \u00e0 pizza OXO Good Grips<\/p>\n","protected":false},"featured_media":88066,"comment_status":"closed","ping_status":"closed","template":"","meta":[],"product_brand":[],"product_cat":[1023,1031,1036,1297],"product_tag":[],"class_list":{"0":"post-64816","1":"product","2":"type-product","3":"status-publish","4":"has-post-thumbnail","6":"product_cat-art-de-la-table","7":"product_cat-couverts","8":"product_cat-divers-couverts","9":"product_cat-non-palettisable","10":"product_shipping_class-free-shipping","12":"first","13":"instock","14":"featured","15":"taxable","16":"shipping-taxable","17":"purchasable","18":"product-type-simple"},"_links":{"self":[{"href":"https:\/\/abinox-chr-clim.com\/index.php\/wp-json\/wp\/v2\/product\/64816","targetHints":{"allow":["GET"]}}],"collection":[{"href":"https:\/\/abinox-chr-clim.com\/index.php\/wp-json\/wp\/v2\/product"}],"about":[{"href":"https:\/\/abinox-chr-clim.com\/index.php\/wp-json\/wp\/v2\/types\/product"}],"replies":[{"embeddable":true,"href":"https:\/\/abinox-chr-clim.com\/index.php\/wp-json\/wp\/v2\/comments?post=64816"}],"wp:featuredmedia":[{"embeddable":true,"href":"https:\/\/abinox-chr-clim.com\/index.php\/wp-json\/wp\/v2\/media\/88066"}],"wp:attachment":[{"href":"https:\/\/abinox-chr-clim.com\/index.php\/wp-json\/wp\/v2\/media?parent=64816"}],"wp:term":[{"taxonomy":"product_brand","embeddable":true,"href":"https:\/\/abinox-chr-clim.com\/index.php\/wp-json\/wp\/v2\/product_brand?post=64816"},{"taxonomy":"product_cat","embeddable":true,"href":"https:\/\/abinox-chr-clim.com\/index.php\/wp-json\/wp\/v2\/product_cat?post=64816"},{"taxonomy":"product_tag","embeddable":true,"href":"https:\/\/abinox-chr-clim.com\/index.php\/wp-json\/wp\/v2\/product_tag?post=64816"}],"curies":[{"name":"wp","href":"https:\/\/api.w.org\/{rel}","templated":true}]}}