{"id":64812,"date":"2024-03-22T13:33:07","date_gmt":"2024-03-22T12:33:07","guid":{"rendered":"https:\/\/abinox-chr-clim.com\/index.php\/product\/pelle-a-gateau-vogue\/"},"modified":"2026-03-10T09:42:22","modified_gmt":"2026-03-10T08:42:22","slug":"pelle-a-gateau-vogue","status":"publish","type":"product","link":"https:\/\/abinox-chr-clim.com\/index.php\/product\/pelle-a-gateau-vogue\/","title":{"rendered":"Pelle \u00e0 g\u00e2teau Vogue"},"content":{"rendered":"<p>Acier inoxydable haute qualit\u00e9.Manches avec crochet pour un rangement facile.Le manche creux ne conduit pas la chaleur.Lavable au lave-vaisselle. .Acier inoxydable haute qualit\u00e9. .<br \/> Caract\u00e9ristiques :<br \/> Dimensions : 300mm (l).<br \/> Mati\u00e8re : Inox 18\/0<\/p>\n","protected":false},"excerpt":{"rendered":"<p>Pelle \u00e0 g\u00e2teau Vogue<\/p>\n","protected":false},"featured_media":88679,"comment_status":"closed","ping_status":"closed","template":"","meta":[],"product_brand":[],"product_cat":[1023,1031,1036,1297],"product_tag":[],"class_list":{"0":"post-64812","1":"product","2":"type-product","3":"status-publish","4":"has-post-thumbnail","6":"product_cat-art-de-la-table","7":"product_cat-couverts","8":"product_cat-divers-couverts","9":"product_cat-non-palettisable","10":"product_shipping_class-free-shipping","12":"first","13":"outofstock","14":"featured","15":"taxable","16":"shipping-taxable","17":"purchasable","18":"product-type-simple"},"_links":{"self":[{"href":"https:\/\/abinox-chr-clim.com\/index.php\/wp-json\/wp\/v2\/product\/64812","targetHints":{"allow":["GET"]}}],"collection":[{"href":"https:\/\/abinox-chr-clim.com\/index.php\/wp-json\/wp\/v2\/product"}],"about":[{"href":"https:\/\/abinox-chr-clim.com\/index.php\/wp-json\/wp\/v2\/types\/product"}],"replies":[{"embeddable":true,"href":"https:\/\/abinox-chr-clim.com\/index.php\/wp-json\/wp\/v2\/comments?post=64812"}],"wp:featuredmedia":[{"embeddable":true,"href":"https:\/\/abinox-chr-clim.com\/index.php\/wp-json\/wp\/v2\/media\/88679"}],"wp:attachment":[{"href":"https:\/\/abinox-chr-clim.com\/index.php\/wp-json\/wp\/v2\/media?parent=64812"}],"wp:term":[{"taxonomy":"product_brand","embeddable":true,"href":"https:\/\/abinox-chr-clim.com\/index.php\/wp-json\/wp\/v2\/product_brand?post=64812"},{"taxonomy":"product_cat","embeddable":true,"href":"https:\/\/abinox-chr-clim.com\/index.php\/wp-json\/wp\/v2\/product_cat?post=64812"},{"taxonomy":"product_tag","embeddable":true,"href":"https:\/\/abinox-chr-clim.com\/index.php\/wp-json\/wp\/v2\/product_tag?post=64812"}],"curies":[{"name":"wp","href":"https:\/\/api.w.org\/{rel}","templated":true}]}}