{"id":64789,"date":"2024-03-22T13:33:00","date_gmt":"2024-03-22T12:33:00","guid":{"rendered":"https:\/\/abinox-chr-clim.com\/index.php\/product\/couteaux-a-steak-boska-monaco-lot-de-4\/"},"modified":"2026-04-15T10:27:06","modified_gmt":"2026-04-15T08:27:06","slug":"couteaux-a-steak-boska-monaco-lot-de-4","status":"publish","type":"product","link":"https:\/\/abinox-chr-clim.com\/index.php\/product\/couteaux-a-steak-boska-monaco-lot-de-4\/","title":{"rendered":"Couteaux \u00e0 steak Boska Monaco+ (lot de 4)"},"content":{"rendered":"<p>Lame extra tranchante pour une coupe de pr\u00e9cision.Antiadh\u00e9sif gr\u00e2ce au motif en losange sur les c\u00f4t\u00e9s de la lame. Lame solide et pleine soie.  Lame extra tranchante pour une coupe de pr\u00e9cision.<\/p>\n","protected":false},"excerpt":{"rendered":"<p>Couteaux \u00e0 steak Boska Monaco+ (lot de 4)<\/p>\n","protected":false},"featured_media":104104,"comment_status":"closed","ping_status":"closed","template":"","meta":[],"product_brand":[],"product_cat":[1023,1035,1031,1297],"product_tag":[],"class_list":{"0":"post-64789","1":"product","2":"type-product","3":"status-publish","4":"has-post-thumbnail","6":"product_cat-art-de-la-table","7":"product_cat-couteaux-et-fourchettes-a-steak","8":"product_cat-couverts","9":"product_cat-non-palettisable","10":"product_shipping_class-free-shipping","12":"first","13":"outofstock","14":"featured","15":"taxable","16":"shipping-taxable","17":"purchasable","18":"product-type-simple"},"_links":{"self":[{"href":"https:\/\/abinox-chr-clim.com\/index.php\/wp-json\/wp\/v2\/product\/64789","targetHints":{"allow":["GET"]}}],"collection":[{"href":"https:\/\/abinox-chr-clim.com\/index.php\/wp-json\/wp\/v2\/product"}],"about":[{"href":"https:\/\/abinox-chr-clim.com\/index.php\/wp-json\/wp\/v2\/types\/product"}],"replies":[{"embeddable":true,"href":"https:\/\/abinox-chr-clim.com\/index.php\/wp-json\/wp\/v2\/comments?post=64789"}],"wp:featuredmedia":[{"embeddable":true,"href":"https:\/\/abinox-chr-clim.com\/index.php\/wp-json\/wp\/v2\/media\/104104"}],"wp:attachment":[{"href":"https:\/\/abinox-chr-clim.com\/index.php\/wp-json\/wp\/v2\/media?parent=64789"}],"wp:term":[{"taxonomy":"product_brand","embeddable":true,"href":"https:\/\/abinox-chr-clim.com\/index.php\/wp-json\/wp\/v2\/product_brand?post=64789"},{"taxonomy":"product_cat","embeddable":true,"href":"https:\/\/abinox-chr-clim.com\/index.php\/wp-json\/wp\/v2\/product_cat?post=64789"},{"taxonomy":"product_tag","embeddable":true,"href":"https:\/\/abinox-chr-clim.com\/index.php\/wp-json\/wp\/v2\/product_tag?post=64789"}],"curies":[{"name":"wp","href":"https:\/\/api.w.org\/{rel}","templated":true}]}}