{"id":64784,"date":"2024-03-22T13:32:59","date_gmt":"2024-03-22T12:32:59","guid":{"rendered":"https:\/\/abinox-chr-clim.com\/index.php\/product\/couteaux-a-steak-tramontina-chuletero-lot-de-6\/"},"modified":"2026-04-15T09:58:42","modified_gmt":"2026-04-15T07:58:42","slug":"couteaux-a-steak-tramontina-chuletero-lot-de-6","status":"publish","type":"product","link":"https:\/\/abinox-chr-clim.com\/index.php\/product\/couteaux-a-steak-tramontina-chuletero-lot-de-6\/","title":{"rendered":"Couteaux \u00e0 steak Tramontina Chuletero (Lot de 6)"},"content":{"rendered":"<p>En acier inoxydable de haute qualit\u00e9 et dot\u00e9 d\u00bfune forme ergonomique et d&rsquo;une lame crant\u00e9e de 10cm, il offre une prise en main s\u00fbre et agr\u00e9able pour un tranchant efficace et durable.<br \/>Compatible lave-vaisselle. Manches en bois certifi\u00e9s FSC. Rivets inox. Lames en acier inoxydable de haute qualit\u00e9 due \u00e0 un traitement thermique. R\u00e9sistant aux chocs. R\u00e9sistance haute temp\u00e9rature.  Compatible lave-vaisselle.<\/p>\n<p>Caract\u00e9ristiques :<br \/>Lot : 6.<br \/> Dimensions : 12(H) x 21(L) x 229(L) mm.<br \/> Mati\u00e8re : Lame inox et manche en bois.<br \/> Couleur : Marron.<\/p>\n","protected":false},"excerpt":{"rendered":"<p>Couteaux \u00e0 steak Tramontina Chuletero (Lot de 6)<\/p>\n","protected":false},"featured_media":102566,"comment_status":"closed","ping_status":"closed","template":"","meta":[],"product_brand":[],"product_cat":[1023,1035,1031,1297],"product_tag":[],"class_list":{"0":"post-64784","1":"product","2":"type-product","3":"status-publish","4":"has-post-thumbnail","6":"product_cat-art-de-la-table","7":"product_cat-couteaux-et-fourchettes-a-steak","8":"product_cat-couverts","9":"product_cat-non-palettisable","10":"product_shipping_class-free-shipping","12":"first","13":"outofstock","14":"featured","15":"taxable","16":"shipping-taxable","17":"purchasable","18":"product-type-simple"},"_links":{"self":[{"href":"https:\/\/abinox-chr-clim.com\/index.php\/wp-json\/wp\/v2\/product\/64784","targetHints":{"allow":["GET"]}}],"collection":[{"href":"https:\/\/abinox-chr-clim.com\/index.php\/wp-json\/wp\/v2\/product"}],"about":[{"href":"https:\/\/abinox-chr-clim.com\/index.php\/wp-json\/wp\/v2\/types\/product"}],"replies":[{"embeddable":true,"href":"https:\/\/abinox-chr-clim.com\/index.php\/wp-json\/wp\/v2\/comments?post=64784"}],"wp:featuredmedia":[{"embeddable":true,"href":"https:\/\/abinox-chr-clim.com\/index.php\/wp-json\/wp\/v2\/media\/102566"}],"wp:attachment":[{"href":"https:\/\/abinox-chr-clim.com\/index.php\/wp-json\/wp\/v2\/media?parent=64784"}],"wp:term":[{"taxonomy":"product_brand","embeddable":true,"href":"https:\/\/abinox-chr-clim.com\/index.php\/wp-json\/wp\/v2\/product_brand?post=64784"},{"taxonomy":"product_cat","embeddable":true,"href":"https:\/\/abinox-chr-clim.com\/index.php\/wp-json\/wp\/v2\/product_cat?post=64784"},{"taxonomy":"product_tag","embeddable":true,"href":"https:\/\/abinox-chr-clim.com\/index.php\/wp-json\/wp\/v2\/product_tag?post=64784"}],"curies":[{"name":"wp","href":"https:\/\/api.w.org\/{rel}","templated":true}]}}