{"id":64782,"date":"2024-03-22T13:32:59","date_gmt":"2024-03-22T12:32:59","guid":{"rendered":"https:\/\/abinox-chr-clim.com\/index.php\/product\/couteaux-a-steak-montblanc-comas-23-cm-x6\/"},"modified":"2026-04-11T09:43:38","modified_gmt":"2026-04-11T07:43:38","slug":"couteaux-a-steak-montblanc-comas-23-cm-x6","status":"publish","type":"product","link":"https:\/\/abinox-chr-clim.com\/index.php\/product\/couteaux-a-steak-montblanc-comas-23-cm-x6\/","title":{"rendered":"Couteaux \u00e0 steak Montblanc Comas 23 cm (x6)"},"content":{"rendered":"<p>Couteau \u00e0 steak Montblanc Comas avec manche en bois de haute qualit\u00e9 et lame lisse en acier inoxydable.<br \/>Lame en acier inoxydable. Finition hautement polie. Lame micro dent\u00e9e. Manche en bois fin. Non compatible lave-vaisselle. Lot de 6.  Lame en acier inoxydable.<\/p>\n<p>Caract\u00e9ristiques :<br \/>Lot : 6.<br \/> Dimensions : 230(L) mm.<br \/> Mati\u00e8re : Inox et bois<\/p>\n","protected":false},"excerpt":{"rendered":"<p>Couteaux \u00e0 steak Montblanc Comas 23 cm (x6)<\/p>\n","protected":false},"featured_media":96418,"comment_status":"closed","ping_status":"closed","template":"","meta":[],"product_brand":[],"product_cat":[1023,1035,1031,1297],"product_tag":[],"class_list":{"0":"post-64782","1":"product","2":"type-product","3":"status-publish","4":"has-post-thumbnail","6":"product_cat-art-de-la-table","7":"product_cat-couteaux-et-fourchettes-a-steak","8":"product_cat-couverts","9":"product_cat-non-palettisable","10":"product_shipping_class-free-shipping","12":"first","13":"instock","14":"featured","15":"taxable","16":"shipping-taxable","17":"purchasable","18":"product-type-simple"},"_links":{"self":[{"href":"https:\/\/abinox-chr-clim.com\/index.php\/wp-json\/wp\/v2\/product\/64782","targetHints":{"allow":["GET"]}}],"collection":[{"href":"https:\/\/abinox-chr-clim.com\/index.php\/wp-json\/wp\/v2\/product"}],"about":[{"href":"https:\/\/abinox-chr-clim.com\/index.php\/wp-json\/wp\/v2\/types\/product"}],"replies":[{"embeddable":true,"href":"https:\/\/abinox-chr-clim.com\/index.php\/wp-json\/wp\/v2\/comments?post=64782"}],"wp:featuredmedia":[{"embeddable":true,"href":"https:\/\/abinox-chr-clim.com\/index.php\/wp-json\/wp\/v2\/media\/96418"}],"wp:attachment":[{"href":"https:\/\/abinox-chr-clim.com\/index.php\/wp-json\/wp\/v2\/media?parent=64782"}],"wp:term":[{"taxonomy":"product_brand","embeddable":true,"href":"https:\/\/abinox-chr-clim.com\/index.php\/wp-json\/wp\/v2\/product_brand?post=64782"},{"taxonomy":"product_cat","embeddable":true,"href":"https:\/\/abinox-chr-clim.com\/index.php\/wp-json\/wp\/v2\/product_cat?post=64782"},{"taxonomy":"product_tag","embeddable":true,"href":"https:\/\/abinox-chr-clim.com\/index.php\/wp-json\/wp\/v2\/product_tag?post=64782"}],"curies":[{"name":"wp","href":"https:\/\/api.w.org\/{rel}","templated":true}]}}