{"id":64764,"date":"2024-03-22T13:32:52","date_gmt":"2024-03-22T12:32:52","guid":{"rendered":"https:\/\/abinox-chr-clim.com\/index.php\/product\/recipient-a-couverts-galvanise-gris-olympia\/"},"modified":"2026-04-15T09:50:52","modified_gmt":"2026-04-15T07:50:52","slug":"recipient-a-couverts-galvanise-gris-olympia","status":"publish","type":"product","link":"https:\/\/abinox-chr-clim.com\/index.php\/product\/recipient-a-couverts-galvanise-gris-olympia\/","title":{"rendered":"R\u00e9cipient \u00e0 couverts galvanis\u00e9 gris Olympia"},"content":{"rendered":"<p>Ce r\u00e9cipient galvanis\u00e9 permet de ranger les couverts sur table; assorti au panier GM296. Id\u00e9al en ext\u00e9rieur.<br \/>Bord roul\u00e9 pour plus de s\u00e9curit\u00e9. Maintient vos couverts rang\u00e9s sur la table. Coloris gris attrayant. Assorti avec GM296. Id\u00e9al pour la restauration en ext\u00e9rieur.  Bord roul\u00e9 pour plus de s\u00e9curit\u00e9.<\/p>\n<p>Caract\u00e9ristiques :<br \/> Mati\u00e8re : Acier galvanis\u00e9.<br \/> Couleur : Gris.<\/p>\n","protected":false},"excerpt":{"rendered":"<p>R\u00e9cipient \u00e0 couverts galvanis\u00e9 gris Olympia<\/p>\n","protected":false},"featured_media":85709,"comment_status":"closed","ping_status":"closed","template":"","meta":[],"product_brand":[],"product_cat":[1023,1033,1031,1297],"product_tag":[],"class_list":{"0":"post-64764","1":"product","2":"type-product","3":"status-publish","4":"has-post-thumbnail","6":"product_cat-art-de-la-table","7":"product_cat-bacs-a-couverts","8":"product_cat-couverts","9":"product_cat-non-palettisable","10":"product_shipping_class-free-shipping","12":"first","13":"instock","14":"featured","15":"taxable","16":"shipping-taxable","17":"purchasable","18":"product-type-simple"},"_links":{"self":[{"href":"https:\/\/abinox-chr-clim.com\/index.php\/wp-json\/wp\/v2\/product\/64764","targetHints":{"allow":["GET"]}}],"collection":[{"href":"https:\/\/abinox-chr-clim.com\/index.php\/wp-json\/wp\/v2\/product"}],"about":[{"href":"https:\/\/abinox-chr-clim.com\/index.php\/wp-json\/wp\/v2\/types\/product"}],"replies":[{"embeddable":true,"href":"https:\/\/abinox-chr-clim.com\/index.php\/wp-json\/wp\/v2\/comments?post=64764"}],"wp:featuredmedia":[{"embeddable":true,"href":"https:\/\/abinox-chr-clim.com\/index.php\/wp-json\/wp\/v2\/media\/85709"}],"wp:attachment":[{"href":"https:\/\/abinox-chr-clim.com\/index.php\/wp-json\/wp\/v2\/media?parent=64764"}],"wp:term":[{"taxonomy":"product_brand","embeddable":true,"href":"https:\/\/abinox-chr-clim.com\/index.php\/wp-json\/wp\/v2\/product_brand?post=64764"},{"taxonomy":"product_cat","embeddable":true,"href":"https:\/\/abinox-chr-clim.com\/index.php\/wp-json\/wp\/v2\/product_cat?post=64764"},{"taxonomy":"product_tag","embeddable":true,"href":"https:\/\/abinox-chr-clim.com\/index.php\/wp-json\/wp\/v2\/product_tag?post=64764"}],"curies":[{"name":"wp","href":"https:\/\/api.w.org\/{rel}","templated":true}]}}