{"id":64763,"date":"2024-03-22T13:32:52","date_gmt":"2024-03-22T12:32:52","guid":{"rendered":"https:\/\/abinox-chr-clim.com\/index.php\/product\/panier-rectangulaire-a-couverts-en-rotin-polypropylene-aps\/"},"modified":"2026-04-15T08:45:32","modified_gmt":"2026-04-15T06:45:32","slug":"panier-rectangulaire-a-couverts-en-rotin-polypropylene-aps","status":"publish","type":"product","link":"https:\/\/abinox-chr-clim.com\/index.php\/product\/panier-rectangulaire-a-couverts-en-rotin-polypropylene-aps\/","title":{"rendered":"Panier rectangulaire \u00e0 couverts en rotin polypropyl\u00e8ne APS"},"content":{"rendered":"<p>Bacs \u00e0 couverts en rotin polypropyl\u00e8ne. Lavables \u00e0 l&rsquo;eau ti\u00e8de. CF300; 155(H) x 125(\u00d8)mm, CF301; 50(H) x 270(L) x 100(P)mm.<br \/>Lavable \u00e0 l&rsquo;eau ti\u00e8de. Lavable \u00e0 l&rsquo;eau ti\u00e8de. .<br \/> Caract\u00e9ristiques :<br \/> Dimensions : 50(H) x 270(L) x 100(P) mm.<br \/> Mati\u00e8re : Plastique.<br \/> Couleur : Naturel.<\/p>\n","protected":false},"excerpt":{"rendered":"<p>Panier rectangulaire \u00e0 couverts en rotin polypropyl\u00e8ne APS<\/p>\n","protected":false},"featured_media":82711,"comment_status":"closed","ping_status":"closed","template":"","meta":[],"product_brand":[],"product_cat":[1023,1033,1031,1297],"product_tag":[],"class_list":{"0":"post-64763","1":"product","2":"type-product","3":"status-publish","4":"has-post-thumbnail","6":"product_cat-art-de-la-table","7":"product_cat-bacs-a-couverts","8":"product_cat-couverts","9":"product_cat-non-palettisable","10":"product_shipping_class-free-shipping","12":"first","13":"instock","14":"featured","15":"taxable","16":"shipping-taxable","17":"purchasable","18":"product-type-simple"},"_links":{"self":[{"href":"https:\/\/abinox-chr-clim.com\/index.php\/wp-json\/wp\/v2\/product\/64763","targetHints":{"allow":["GET"]}}],"collection":[{"href":"https:\/\/abinox-chr-clim.com\/index.php\/wp-json\/wp\/v2\/product"}],"about":[{"href":"https:\/\/abinox-chr-clim.com\/index.php\/wp-json\/wp\/v2\/types\/product"}],"replies":[{"embeddable":true,"href":"https:\/\/abinox-chr-clim.com\/index.php\/wp-json\/wp\/v2\/comments?post=64763"}],"wp:featuredmedia":[{"embeddable":true,"href":"https:\/\/abinox-chr-clim.com\/index.php\/wp-json\/wp\/v2\/media\/82711"}],"wp:attachment":[{"href":"https:\/\/abinox-chr-clim.com\/index.php\/wp-json\/wp\/v2\/media?parent=64763"}],"wp:term":[{"taxonomy":"product_brand","embeddable":true,"href":"https:\/\/abinox-chr-clim.com\/index.php\/wp-json\/wp\/v2\/product_brand?post=64763"},{"taxonomy":"product_cat","embeddable":true,"href":"https:\/\/abinox-chr-clim.com\/index.php\/wp-json\/wp\/v2\/product_cat?post=64763"},{"taxonomy":"product_tag","embeddable":true,"href":"https:\/\/abinox-chr-clim.com\/index.php\/wp-json\/wp\/v2\/product_tag?post=64763"}],"curies":[{"name":"wp","href":"https:\/\/api.w.org\/{rel}","templated":true}]}}