{"id":64762,"date":"2024-03-22T13:32:51","date_gmt":"2024-03-22T12:32:51","guid":{"rendered":"https:\/\/abinox-chr-clim.com\/index.php\/product\/bac-a-couverts-aps-6-compartiments\/"},"modified":"2026-04-15T08:40:57","modified_gmt":"2026-04-15T06:40:57","slug":"bac-a-couverts-aps-6-compartiments","status":"publish","type":"product","link":"https:\/\/abinox-chr-clim.com\/index.php\/product\/bac-a-couverts-aps-6-compartiments\/","title":{"rendered":"Bac \u00e0 couverts APS 6 compartiments"},"content":{"rendered":"<p>Bac en plastique empilable, lavable au lave-vaisselle, dimension GN 1\/1. 100(H) x 530(L) x 325(P).<br \/>Gris. Moul\u00e9 d&rsquo;une seule pi\u00e8ce. R\u00e9sistant. Empilable. 6 compartiments. Compatible lave-vaisselle. Gris.<\/p>\n<p>Caract\u00e9ristiques :<br \/> Dimensions : 100(H) x 325(L) x 530(P) mm.<br \/> Mati\u00e8re : Plastique.<br \/> Couleur : Gris.<\/p>\n","protected":false},"excerpt":{"rendered":"<p>Bac \u00e0 couverts APS 6 compartiments<\/p>\n","protected":false},"featured_media":103282,"comment_status":"closed","ping_status":"closed","template":"","meta":[],"product_brand":[],"product_cat":[1023,1033,1031,1297],"product_tag":[],"class_list":{"0":"post-64762","1":"product","2":"type-product","3":"status-publish","4":"has-post-thumbnail","6":"product_cat-art-de-la-table","7":"product_cat-bacs-a-couverts","8":"product_cat-couverts","9":"product_cat-non-palettisable","10":"product_shipping_class-free-shipping","12":"first","13":"instock","14":"featured","15":"taxable","16":"shipping-taxable","17":"purchasable","18":"product-type-simple"},"_links":{"self":[{"href":"https:\/\/abinox-chr-clim.com\/index.php\/wp-json\/wp\/v2\/product\/64762","targetHints":{"allow":["GET"]}}],"collection":[{"href":"https:\/\/abinox-chr-clim.com\/index.php\/wp-json\/wp\/v2\/product"}],"about":[{"href":"https:\/\/abinox-chr-clim.com\/index.php\/wp-json\/wp\/v2\/types\/product"}],"replies":[{"embeddable":true,"href":"https:\/\/abinox-chr-clim.com\/index.php\/wp-json\/wp\/v2\/comments?post=64762"}],"wp:featuredmedia":[{"embeddable":true,"href":"https:\/\/abinox-chr-clim.com\/index.php\/wp-json\/wp\/v2\/media\/103282"}],"wp:attachment":[{"href":"https:\/\/abinox-chr-clim.com\/index.php\/wp-json\/wp\/v2\/media?parent=64762"}],"wp:term":[{"taxonomy":"product_brand","embeddable":true,"href":"https:\/\/abinox-chr-clim.com\/index.php\/wp-json\/wp\/v2\/product_brand?post=64762"},{"taxonomy":"product_cat","embeddable":true,"href":"https:\/\/abinox-chr-clim.com\/index.php\/wp-json\/wp\/v2\/product_cat?post=64762"},{"taxonomy":"product_tag","embeddable":true,"href":"https:\/\/abinox-chr-clim.com\/index.php\/wp-json\/wp\/v2\/product_tag?post=64762"}],"curies":[{"name":"wp","href":"https:\/\/api.w.org\/{rel}","templated":true}]}}