{"id":64742,"date":"2024-03-22T13:32:47","date_gmt":"2024-03-22T12:32:47","guid":{"rendered":"https:\/\/abinox-chr-clim.com\/index.php\/product\/couteaux-de-table-amefa-havane-jungle-lot-de-12\/"},"modified":"2026-04-02T10:07:48","modified_gmt":"2026-04-02T08:07:48","slug":"couteaux-de-table-amefa-havane-jungle-lot-de-12","status":"publish","type":"product","link":"https:\/\/abinox-chr-clim.com\/index.php\/product\/couteaux-de-table-amefa-havane-jungle-lot-de-12\/","title":{"rendered":"Couteaux de table Amefa Havane Jungle (lot de 12)"},"content":{"rendered":"<p>Les couverts mod\u00e8le Havane Jungle sont en acier chrom\u00e9 18\/0. Manches d\u00e9cor\u00e9s. Les manches d\u00e9cor\u00e9s \u00e9l\u00e9gants et l\u00e9g\u00e8rement incurv\u00e9s donnent \u00e0 ce mod\u00e8le une tr\u00e8s belle apparence. Des couverts \u00e9l\u00e9gants qui ajoutent une touche contemporaine et moderne \u00e0 votre table. Couverts en acier inoxydable de la plus haute qualit\u00e9, lavables au lave-vaisselle. Pour les garder en parfait \u00e9tat le plus longtemps possible, le lavage \u00e0 la main est toutefois conseill\u00e9. Les couverts mod\u00e8le Havane Jungle sont en acier chrom\u00e9 18\/0.<\/p>\n<p>Caract\u00e9ristiques :<br \/>Lot : 12.<br \/> Mati\u00e8re : Inox.<br \/> Couleur : Argent.<\/p>\n","protected":false},"excerpt":{"rendered":"<p>Couteaux de table Amefa Havane Jungle (lot de 12)<\/p>\n","protected":false},"featured_media":100733,"comment_status":"closed","ping_status":"closed","template":"","meta":[],"product_brand":[],"product_cat":[1032,1023,1031,1297],"product_tag":[],"class_list":{"0":"post-64742","1":"product","2":"type-product","3":"status-publish","4":"has-post-thumbnail","6":"product_cat-amefa","7":"product_cat-art-de-la-table","8":"product_cat-couverts","9":"product_cat-non-palettisable","10":"product_shipping_class-free-shipping","12":"first","13":"instock","14":"featured","15":"taxable","16":"shipping-taxable","17":"purchasable","18":"product-type-simple"},"_links":{"self":[{"href":"https:\/\/abinox-chr-clim.com\/index.php\/wp-json\/wp\/v2\/product\/64742","targetHints":{"allow":["GET"]}}],"collection":[{"href":"https:\/\/abinox-chr-clim.com\/index.php\/wp-json\/wp\/v2\/product"}],"about":[{"href":"https:\/\/abinox-chr-clim.com\/index.php\/wp-json\/wp\/v2\/types\/product"}],"replies":[{"embeddable":true,"href":"https:\/\/abinox-chr-clim.com\/index.php\/wp-json\/wp\/v2\/comments?post=64742"}],"wp:featuredmedia":[{"embeddable":true,"href":"https:\/\/abinox-chr-clim.com\/index.php\/wp-json\/wp\/v2\/media\/100733"}],"wp:attachment":[{"href":"https:\/\/abinox-chr-clim.com\/index.php\/wp-json\/wp\/v2\/media?parent=64742"}],"wp:term":[{"taxonomy":"product_brand","embeddable":true,"href":"https:\/\/abinox-chr-clim.com\/index.php\/wp-json\/wp\/v2\/product_brand?post=64742"},{"taxonomy":"product_cat","embeddable":true,"href":"https:\/\/abinox-chr-clim.com\/index.php\/wp-json\/wp\/v2\/product_cat?post=64742"},{"taxonomy":"product_tag","embeddable":true,"href":"https:\/\/abinox-chr-clim.com\/index.php\/wp-json\/wp\/v2\/product_tag?post=64742"}],"curies":[{"name":"wp","href":"https:\/\/api.w.org\/{rel}","templated":true}]}}