{"id":64730,"date":"2024-03-22T13:32:42","date_gmt":"2024-03-22T12:32:42","guid":{"rendered":"https:\/\/abinox-chr-clim.com\/index.php\/product\/fourchettes-de-table-amefa-vieux-paris\/"},"modified":"2026-04-15T09:57:40","modified_gmt":"2026-04-15T07:57:40","slug":"fourchettes-de-table-amefa-vieux-paris","status":"publish","type":"product","link":"https:\/\/abinox-chr-clim.com\/index.php\/product\/fourchettes-de-table-amefa-vieux-paris\/","title":{"rendered":"Fourchettes de table Amefa Vieux Paris"},"content":{"rendered":"<p>Couverts parfaitement \u00e9quilibr\u00e9s pour une sensation premium. Design classique ind\u00e9modable avec finition satin\u00e9e pour un style lisse et \u00e9l\u00e9gant. Epaisseur : 3 mm.<br \/>Design classique ind\u00e9modable. Faciles \u00e0 nettoyer. Couverts parfaitement \u00e9quilibr\u00e9s pour une sensation premium. Finition satin\u00e9e pour un style lisse et \u00e9l\u00e9gant. Mat\u00e9riau \u00e9paisseur 3mm.  Design classique ind\u00e9modable.<\/p>\n<p>Caract\u00e9ristiques :<br \/>Lot : 12.<br \/> Dimensions : 30(H) x 57(L) x 207(L) mm.<br \/> Mati\u00e8re : Inox 18\/0<\/p>\n","protected":false},"excerpt":{"rendered":"<p>Fourchettes de table Amefa Vieux Paris<\/p>\n","protected":false},"featured_media":94164,"comment_status":"closed","ping_status":"closed","template":"","meta":[],"product_brand":[],"product_cat":[1032,1023,1031,1297],"product_tag":[],"class_list":{"0":"post-64730","1":"product","2":"type-product","3":"status-publish","4":"has-post-thumbnail","6":"product_cat-amefa","7":"product_cat-art-de-la-table","8":"product_cat-couverts","9":"product_cat-non-palettisable","10":"product_shipping_class-free-shipping","12":"first","13":"instock","14":"featured","15":"taxable","16":"shipping-taxable","17":"purchasable","18":"product-type-simple"},"_links":{"self":[{"href":"https:\/\/abinox-chr-clim.com\/index.php\/wp-json\/wp\/v2\/product\/64730","targetHints":{"allow":["GET"]}}],"collection":[{"href":"https:\/\/abinox-chr-clim.com\/index.php\/wp-json\/wp\/v2\/product"}],"about":[{"href":"https:\/\/abinox-chr-clim.com\/index.php\/wp-json\/wp\/v2\/types\/product"}],"replies":[{"embeddable":true,"href":"https:\/\/abinox-chr-clim.com\/index.php\/wp-json\/wp\/v2\/comments?post=64730"}],"wp:featuredmedia":[{"embeddable":true,"href":"https:\/\/abinox-chr-clim.com\/index.php\/wp-json\/wp\/v2\/media\/94164"}],"wp:attachment":[{"href":"https:\/\/abinox-chr-clim.com\/index.php\/wp-json\/wp\/v2\/media?parent=64730"}],"wp:term":[{"taxonomy":"product_brand","embeddable":true,"href":"https:\/\/abinox-chr-clim.com\/index.php\/wp-json\/wp\/v2\/product_brand?post=64730"},{"taxonomy":"product_cat","embeddable":true,"href":"https:\/\/abinox-chr-clim.com\/index.php\/wp-json\/wp\/v2\/product_cat?post=64730"},{"taxonomy":"product_tag","embeddable":true,"href":"https:\/\/abinox-chr-clim.com\/index.php\/wp-json\/wp\/v2\/product_tag?post=64730"}],"curies":[{"name":"wp","href":"https:\/\/api.w.org\/{rel}","templated":true}]}}