{"id":64719,"date":"2024-03-22T13:32:39","date_gmt":"2024-03-22T12:32:39","guid":{"rendered":"https:\/\/abinox-chr-clim.com\/index.php\/product\/cuilleres-a-the-oxford-amefa-lot-de-12\/"},"modified":"2026-04-14T08:49:19","modified_gmt":"2026-04-14T06:49:19","slug":"cuilleres-a-the-oxford-amefa-lot-de-12","status":"publish","type":"product","link":"https:\/\/abinox-chr-clim.com\/index.php\/product\/cuilleres-a-the-oxford-amefa-lot-de-12\/","title":{"rendered":"Cuill\u00e8res \u00e0 th\u00e9 Oxford Amefa (lot de 12)"},"content":{"rendered":"<p>Couverts d\u00e9licatement incurv\u00e9s en acier inoxydable poli 18\/10 avec un design intemporel. Vendus par 12.<br \/>Epaisseur 3,5mm. Forme larme \u00e9l\u00e9gante. Lavable au lave-vaisselle. Dans le doute, commandez un kit d&rsquo;\u00e9chantillon (couteau + fourchette + cuill\u00e8re \u00e0 dessert).  Tous les couteaux sont micro-dent\u00e9s.  Epaisseur 3,5mm.<\/p>\n<p>Caract\u00e9ristiques :<br \/>Lot : 12.<br \/> Dimensions : 133(L)mm.<br \/> Mati\u00e8re : Acier inoxydable 18\/10.<\/p>\n","protected":false},"excerpt":{"rendered":"<p>Cuill\u00e8res \u00e0 th\u00e9 Oxford Amefa (lot de 12)<\/p>\n","protected":false},"featured_media":102871,"comment_status":"closed","ping_status":"closed","template":"","meta":[],"product_brand":[],"product_cat":[1032,1023,1031,1297],"product_tag":[],"class_list":{"0":"post-64719","1":"product","2":"type-product","3":"status-publish","4":"has-post-thumbnail","6":"product_cat-amefa","7":"product_cat-art-de-la-table","8":"product_cat-couverts","9":"product_cat-non-palettisable","10":"product_shipping_class-free-shipping","12":"first","13":"instock","14":"featured","15":"taxable","16":"shipping-taxable","17":"purchasable","18":"product-type-simple"},"_links":{"self":[{"href":"https:\/\/abinox-chr-clim.com\/index.php\/wp-json\/wp\/v2\/product\/64719","targetHints":{"allow":["GET"]}}],"collection":[{"href":"https:\/\/abinox-chr-clim.com\/index.php\/wp-json\/wp\/v2\/product"}],"about":[{"href":"https:\/\/abinox-chr-clim.com\/index.php\/wp-json\/wp\/v2\/types\/product"}],"replies":[{"embeddable":true,"href":"https:\/\/abinox-chr-clim.com\/index.php\/wp-json\/wp\/v2\/comments?post=64719"}],"wp:featuredmedia":[{"embeddable":true,"href":"https:\/\/abinox-chr-clim.com\/index.php\/wp-json\/wp\/v2\/media\/102871"}],"wp:attachment":[{"href":"https:\/\/abinox-chr-clim.com\/index.php\/wp-json\/wp\/v2\/media?parent=64719"}],"wp:term":[{"taxonomy":"product_brand","embeddable":true,"href":"https:\/\/abinox-chr-clim.com\/index.php\/wp-json\/wp\/v2\/product_brand?post=64719"},{"taxonomy":"product_cat","embeddable":true,"href":"https:\/\/abinox-chr-clim.com\/index.php\/wp-json\/wp\/v2\/product_cat?post=64719"},{"taxonomy":"product_tag","embeddable":true,"href":"https:\/\/abinox-chr-clim.com\/index.php\/wp-json\/wp\/v2\/product_tag?post=64719"}],"curies":[{"name":"wp","href":"https:\/\/api.w.org\/{rel}","templated":true}]}}