{"id":64687,"date":"2024-03-22T13:32:30","date_gmt":"2024-03-22T12:32:30","guid":{"rendered":"https:\/\/abinox-chr-clim.com\/index.php\/product\/cuillere-a-dessert-amefa-florence-lot-de-12\/"},"modified":"2026-03-16T09:18:01","modified_gmt":"2026-03-16T08:18:01","slug":"cuillere-a-dessert-amefa-florence-lot-de-12","status":"publish","type":"product","link":"https:\/\/abinox-chr-clim.com\/index.php\/product\/cuillere-a-dessert-amefa-florence-lot-de-12\/","title":{"rendered":"Cuill\u00e8re \u00e0 dessert Amefa Florence (Lot de 12)"},"content":{"rendered":"<p>Simple, subtil et \u00e9l\u00e9gant sont les trois adjectifs qui r\u00e9sument parfaitement le style du couvert Florence. Inox 18\/10. Epaisseur : 3mm.<\/p>\n<p>Caract\u00e9ristiques :<br \/>Lot : 12.<br \/> Mati\u00e8re : Inox 18\/10<\/p>\n","protected":false},"excerpt":{"rendered":"<p>Cuill\u00e8re \u00e0 dessert Amefa Florence (Lot de 12)<\/p>\n","protected":false},"featured_media":88449,"comment_status":"closed","ping_status":"closed","template":"","meta":[],"product_brand":[],"product_cat":[1032,1023,1031,1297],"product_tag":[],"class_list":{"0":"post-64687","1":"product","2":"type-product","3":"status-publish","4":"has-post-thumbnail","6":"product_cat-amefa","7":"product_cat-art-de-la-table","8":"product_cat-couverts","9":"product_cat-non-palettisable","10":"product_shipping_class-free-shipping","12":"first","13":"outofstock","14":"featured","15":"taxable","16":"shipping-taxable","17":"purchasable","18":"product-type-simple"},"_links":{"self":[{"href":"https:\/\/abinox-chr-clim.com\/index.php\/wp-json\/wp\/v2\/product\/64687","targetHints":{"allow":["GET"]}}],"collection":[{"href":"https:\/\/abinox-chr-clim.com\/index.php\/wp-json\/wp\/v2\/product"}],"about":[{"href":"https:\/\/abinox-chr-clim.com\/index.php\/wp-json\/wp\/v2\/types\/product"}],"replies":[{"embeddable":true,"href":"https:\/\/abinox-chr-clim.com\/index.php\/wp-json\/wp\/v2\/comments?post=64687"}],"wp:featuredmedia":[{"embeddable":true,"href":"https:\/\/abinox-chr-clim.com\/index.php\/wp-json\/wp\/v2\/media\/88449"}],"wp:attachment":[{"href":"https:\/\/abinox-chr-clim.com\/index.php\/wp-json\/wp\/v2\/media?parent=64687"}],"wp:term":[{"taxonomy":"product_brand","embeddable":true,"href":"https:\/\/abinox-chr-clim.com\/index.php\/wp-json\/wp\/v2\/product_brand?post=64687"},{"taxonomy":"product_cat","embeddable":true,"href":"https:\/\/abinox-chr-clim.com\/index.php\/wp-json\/wp\/v2\/product_cat?post=64687"},{"taxonomy":"product_tag","embeddable":true,"href":"https:\/\/abinox-chr-clim.com\/index.php\/wp-json\/wp\/v2\/product_tag?post=64687"}],"curies":[{"name":"wp","href":"https:\/\/api.w.org\/{rel}","templated":true}]}}