{"id":64678,"date":"2024-03-22T13:32:25","date_gmt":"2024-03-22T12:32:25","guid":{"rendered":"https:\/\/abinox-chr-clim.com\/index.php\/product\/couteaux-de-table-amefa-slim-lot-de-240\/"},"modified":"2026-04-14T10:42:38","modified_gmt":"2026-04-14T08:42:38","slug":"couteaux-de-table-amefa-slim-lot-de-240","status":"publish","type":"product","link":"https:\/\/abinox-chr-clim.com\/index.php\/product\/couteaux-de-table-amefa-slim-lot-de-240\/","title":{"rendered":"Couteaux de table Amefa Slim (lot de 240)"},"content":{"rendered":"<p>L\u00e9ger et compact, id\u00e9al pour voyager, ranger et manger sur le pouce. Le calibre de 0,6 mm assure la stabilit\u00e9 lors de la coupe et de la pression sur vos couverts. Conception ergonomique pour une bonne pr\u00e9hension lors de l&rsquo;utilisation. Passe au lave-vaisselle. L\u00e9ger et compact, id\u00e9al pour voyager, ranger et manger sur le pouce.<\/p>\n<p>Caract\u00e9ristiques :<br \/>Lot : 240.<br \/> Dimensions : 178(L) mm.<br \/> Mati\u00e8re : Inox 18\/0.<br \/> Couleur : Argent.<\/p>\n","protected":false},"excerpt":{"rendered":"<p>Couteaux de table Amefa Slim (lot de 240)<\/p>\n","protected":false},"featured_media":88592,"comment_status":"closed","ping_status":"closed","template":"","meta":[],"product_brand":[],"product_cat":[1032,1023,1031,1297],"product_tag":[],"class_list":{"0":"post-64678","1":"product","2":"type-product","3":"status-publish","4":"has-post-thumbnail","6":"product_cat-amefa","7":"product_cat-art-de-la-table","8":"product_cat-couverts","9":"product_cat-non-palettisable","10":"product_shipping_class-free-shipping","12":"first","13":"instock","14":"featured","15":"taxable","16":"shipping-taxable","17":"purchasable","18":"product-type-simple"},"_links":{"self":[{"href":"https:\/\/abinox-chr-clim.com\/index.php\/wp-json\/wp\/v2\/product\/64678","targetHints":{"allow":["GET"]}}],"collection":[{"href":"https:\/\/abinox-chr-clim.com\/index.php\/wp-json\/wp\/v2\/product"}],"about":[{"href":"https:\/\/abinox-chr-clim.com\/index.php\/wp-json\/wp\/v2\/types\/product"}],"replies":[{"embeddable":true,"href":"https:\/\/abinox-chr-clim.com\/index.php\/wp-json\/wp\/v2\/comments?post=64678"}],"wp:featuredmedia":[{"embeddable":true,"href":"https:\/\/abinox-chr-clim.com\/index.php\/wp-json\/wp\/v2\/media\/88592"}],"wp:attachment":[{"href":"https:\/\/abinox-chr-clim.com\/index.php\/wp-json\/wp\/v2\/media?parent=64678"}],"wp:term":[{"taxonomy":"product_brand","embeddable":true,"href":"https:\/\/abinox-chr-clim.com\/index.php\/wp-json\/wp\/v2\/product_brand?post=64678"},{"taxonomy":"product_cat","embeddable":true,"href":"https:\/\/abinox-chr-clim.com\/index.php\/wp-json\/wp\/v2\/product_cat?post=64678"},{"taxonomy":"product_tag","embeddable":true,"href":"https:\/\/abinox-chr-clim.com\/index.php\/wp-json\/wp\/v2\/product_tag?post=64678"}],"curies":[{"name":"wp","href":"https:\/\/api.w.org\/{rel}","templated":true}]}}