{"id":64655,"date":"2024-03-22T13:32:20","date_gmt":"2024-03-22T12:32:20","guid":{"rendered":"https:\/\/abinox-chr-clim.com\/index.php\/product\/cuilleres-a-soupe-amefa-metropole-lot-de-12\/"},"modified":"2026-04-14T10:50:37","modified_gmt":"2026-04-14T08:50:37","slug":"cuilleres-a-soupe-amefa-metropole-lot-de-12","status":"publish","type":"product","link":"https:\/\/abinox-chr-clim.com\/index.php\/product\/cuilleres-a-soupe-amefa-metropole-lot-de-12\/","title":{"rendered":"Cuill\u00e8res \u00e0 soupe Amefa M\u00e9tropole (lot de 12)"},"content":{"rendered":"<p>Caract\u00e9ristiques :<br \/>Lot : 12.<br \/> Dimensions : 200(L) mm.<br \/> Mati\u00e8re : Inox.<br \/> Couleur : Argent.<\/p>\n","protected":false},"excerpt":{"rendered":"<p>Cuill\u00e8res \u00e0 soupe Amefa M\u00e9tropole (lot de 12)<\/p>\n","protected":false},"featured_media":86384,"comment_status":"closed","ping_status":"closed","template":"","meta":[],"product_brand":[],"product_cat":[1023,1031,1297],"product_tag":[],"class_list":{"0":"post-64655","1":"product","2":"type-product","3":"status-publish","4":"has-post-thumbnail","6":"product_cat-art-de-la-table","7":"product_cat-couverts","8":"product_cat-non-palettisable","9":"product_shipping_class-free-shipping","11":"first","12":"instock","13":"featured","14":"taxable","15":"shipping-taxable","16":"purchasable","17":"product-type-simple"},"_links":{"self":[{"href":"https:\/\/abinox-chr-clim.com\/index.php\/wp-json\/wp\/v2\/product\/64655","targetHints":{"allow":["GET"]}}],"collection":[{"href":"https:\/\/abinox-chr-clim.com\/index.php\/wp-json\/wp\/v2\/product"}],"about":[{"href":"https:\/\/abinox-chr-clim.com\/index.php\/wp-json\/wp\/v2\/types\/product"}],"replies":[{"embeddable":true,"href":"https:\/\/abinox-chr-clim.com\/index.php\/wp-json\/wp\/v2\/comments?post=64655"}],"wp:featuredmedia":[{"embeddable":true,"href":"https:\/\/abinox-chr-clim.com\/index.php\/wp-json\/wp\/v2\/media\/86384"}],"wp:attachment":[{"href":"https:\/\/abinox-chr-clim.com\/index.php\/wp-json\/wp\/v2\/media?parent=64655"}],"wp:term":[{"taxonomy":"product_brand","embeddable":true,"href":"https:\/\/abinox-chr-clim.com\/index.php\/wp-json\/wp\/v2\/product_brand?post=64655"},{"taxonomy":"product_cat","embeddable":true,"href":"https:\/\/abinox-chr-clim.com\/index.php\/wp-json\/wp\/v2\/product_cat?post=64655"},{"taxonomy":"product_tag","embeddable":true,"href":"https:\/\/abinox-chr-clim.com\/index.php\/wp-json\/wp\/v2\/product_tag?post=64655"}],"curies":[{"name":"wp","href":"https:\/\/api.w.org\/{rel}","templated":true}]}}