{"id":64635,"date":"2024-03-22T13:24:01","date_gmt":"2024-03-22T12:24:01","guid":{"rendered":"https:\/\/abinox-chr-clim.com\/index.php\/product\/combine-moulin-a-poivre-et-saliere-acrylique-olympia\/"},"modified":"2026-04-15T09:37:59","modified_gmt":"2026-04-15T07:37:59","slug":"combine-moulin-a-poivre-et-saliere-acrylique-olympia","status":"publish","type":"product","link":"https:\/\/abinox-chr-clim.com\/index.php\/product\/combine-moulin-a-poivre-et-saliere-acrylique-olympia\/","title":{"rendered":"Combin\u00e9 moulin \u00e0 poivre et sali\u00e8re acrylique Olympia"},"content":{"rendered":"<p>Deux en un, moulin \u00e0 poivre et sali\u00e8re, en acrylique r\u00e9sistant. M\u00e9canisme en c\u00e9ramique r\u00e9glable pour une mouture fine ou grossi\u00e8re.<br \/>M\u00e9canisme en c\u00e9ramique. Mouture r\u00e9glable. Remplir la partie sup\u00e9rieure avec du sel fin. Le moulin accepte les grains de poivre entiers. M\u00e9canisme en c\u00e9ramique.<\/p>\n<p>Caract\u00e9ristiques :<br \/> Dimensions : 90(h)x40(dia)mm.<br \/> Mati\u00e8re : Acrylique.<br \/> Couleur : Transparent.<\/p>\n","protected":false},"excerpt":{"rendered":"<p>Combin\u00e9 moulin \u00e0 poivre et sali\u00e8re acrylique Olympia<\/p>\n","protected":false},"featured_media":102183,"comment_status":"closed","ping_status":"closed","template":"","meta":[],"product_brand":[],"product_cat":[1024,1023,1297,1030],"product_tag":[],"class_list":{"0":"post-64635","1":"product","2":"type-product","3":"status-publish","4":"has-post-thumbnail","6":"product_cat-accessoires-de-table","7":"product_cat-art-de-la-table","8":"product_cat-non-palettisable","9":"product_cat-sel-et-poivre","10":"product_shipping_class-free-shipping","12":"first","13":"instock","14":"featured","15":"taxable","16":"shipping-taxable","17":"purchasable","18":"product-type-simple"},"_links":{"self":[{"href":"https:\/\/abinox-chr-clim.com\/index.php\/wp-json\/wp\/v2\/product\/64635","targetHints":{"allow":["GET"]}}],"collection":[{"href":"https:\/\/abinox-chr-clim.com\/index.php\/wp-json\/wp\/v2\/product"}],"about":[{"href":"https:\/\/abinox-chr-clim.com\/index.php\/wp-json\/wp\/v2\/types\/product"}],"replies":[{"embeddable":true,"href":"https:\/\/abinox-chr-clim.com\/index.php\/wp-json\/wp\/v2\/comments?post=64635"}],"wp:featuredmedia":[{"embeddable":true,"href":"https:\/\/abinox-chr-clim.com\/index.php\/wp-json\/wp\/v2\/media\/102183"}],"wp:attachment":[{"href":"https:\/\/abinox-chr-clim.com\/index.php\/wp-json\/wp\/v2\/media?parent=64635"}],"wp:term":[{"taxonomy":"product_brand","embeddable":true,"href":"https:\/\/abinox-chr-clim.com\/index.php\/wp-json\/wp\/v2\/product_brand?post=64635"},{"taxonomy":"product_cat","embeddable":true,"href":"https:\/\/abinox-chr-clim.com\/index.php\/wp-json\/wp\/v2\/product_cat?post=64635"},{"taxonomy":"product_tag","embeddable":true,"href":"https:\/\/abinox-chr-clim.com\/index.php\/wp-json\/wp\/v2\/product_tag?post=64635"}],"curies":[{"name":"wp","href":"https:\/\/api.w.org\/{rel}","templated":true}]}}