{"id":64634,"date":"2024-03-22T13:24:01","date_gmt":"2024-03-22T12:24:01","guid":{"rendered":"https:\/\/abinox-chr-clim.com\/index.php\/product\/moulin-a-sel-et-poivre-en-inox-olympia-135x55mm\/"},"modified":"2026-04-15T09:37:58","modified_gmt":"2026-04-15T07:37:58","slug":"moulin-a-sel-et-poivre-en-inox-olympia-135x55mm","status":"publish","type":"product","link":"https:\/\/abinox-chr-clim.com\/index.php\/product\/moulin-a-sel-et-poivre-en-inox-olympia-135x55mm\/","title":{"rendered":"Moulin \u00e0 sel et poivre en inox Olympia 135x55mm"},"content":{"rendered":"<p>M\u00e9canisme en c\u00e9ramique r\u00e9glable. Mouture r\u00e9glable. Utiliser avec du sel ou du poivre. M\u00e9canisme en c\u00e9ramique r\u00e9glable.<\/p>\n<p>Caract\u00e9ristiques :<br \/> Dimensions : 135(h)x55(dia)mm.<br \/> Mati\u00e8re : Inox<\/p>\n","protected":false},"excerpt":{"rendered":"<p>Moulin \u00e0 sel et poivre en inox Olympia 135x55mm<\/p>\n","protected":false},"featured_media":103406,"comment_status":"closed","ping_status":"closed","template":"","meta":[],"product_brand":[],"product_cat":[1024,1023,1297,1030],"product_tag":[],"class_list":{"0":"post-64634","1":"product","2":"type-product","3":"status-publish","4":"has-post-thumbnail","6":"product_cat-accessoires-de-table","7":"product_cat-art-de-la-table","8":"product_cat-non-palettisable","9":"product_cat-sel-et-poivre","10":"product_shipping_class-free-shipping","12":"first","13":"instock","14":"featured","15":"taxable","16":"shipping-taxable","17":"purchasable","18":"product-type-simple"},"_links":{"self":[{"href":"https:\/\/abinox-chr-clim.com\/index.php\/wp-json\/wp\/v2\/product\/64634","targetHints":{"allow":["GET"]}}],"collection":[{"href":"https:\/\/abinox-chr-clim.com\/index.php\/wp-json\/wp\/v2\/product"}],"about":[{"href":"https:\/\/abinox-chr-clim.com\/index.php\/wp-json\/wp\/v2\/types\/product"}],"replies":[{"embeddable":true,"href":"https:\/\/abinox-chr-clim.com\/index.php\/wp-json\/wp\/v2\/comments?post=64634"}],"wp:featuredmedia":[{"embeddable":true,"href":"https:\/\/abinox-chr-clim.com\/index.php\/wp-json\/wp\/v2\/media\/103406"}],"wp:attachment":[{"href":"https:\/\/abinox-chr-clim.com\/index.php\/wp-json\/wp\/v2\/media?parent=64634"}],"wp:term":[{"taxonomy":"product_brand","embeddable":true,"href":"https:\/\/abinox-chr-clim.com\/index.php\/wp-json\/wp\/v2\/product_brand?post=64634"},{"taxonomy":"product_cat","embeddable":true,"href":"https:\/\/abinox-chr-clim.com\/index.php\/wp-json\/wp\/v2\/product_cat?post=64634"},{"taxonomy":"product_tag","embeddable":true,"href":"https:\/\/abinox-chr-clim.com\/index.php\/wp-json\/wp\/v2\/product_tag?post=64634"}],"curies":[{"name":"wp","href":"https:\/\/api.w.org\/{rel}","templated":true}]}}