{"id":64632,"date":"2024-03-22T13:24:00","date_gmt":"2024-03-22T12:24:00","guid":{"rendered":"https:\/\/abinox-chr-clim.com\/index.php\/product\/moulin-de-table-sel-ou-poivre-olympia\/"},"modified":"2026-04-15T09:25:52","modified_gmt":"2026-04-15T07:25:52","slug":"moulin-de-table-sel-ou-poivre-olympia","status":"publish","type":"product","link":"https:\/\/abinox-chr-clim.com\/index.php\/product\/moulin-de-table-sel-ou-poivre-olympia\/","title":{"rendered":"Moulin de table sel ou poivre Olympia"},"content":{"rendered":"<p>Surdimensionn\u00e9, il attire le regard. Couvercles interchangeables pour identifier facilement le contenu. R\u00e9glages ajustables pour choisir entre une mouture grossi\u00e8re ou fine. Bois fonc\u00e9 pour un look haut de gamme. Surdimensionn\u00e9, il attire le regard.<\/p>\n<p>Caract\u00e9ristiques :<br \/> Dimensions : 610(H) x 75(\u00d8) mm.<br \/> Mati\u00e8re : Bois<\/p>\n","protected":false},"excerpt":{"rendered":"<p>Moulin de table sel ou poivre Olympia<\/p>\n","protected":false},"featured_media":101855,"comment_status":"closed","ping_status":"closed","template":"","meta":[],"product_brand":[],"product_cat":[1024,1023,1297,1030],"product_tag":[],"class_list":{"0":"post-64632","1":"product","2":"type-product","3":"status-publish","4":"has-post-thumbnail","6":"product_cat-accessoires-de-table","7":"product_cat-art-de-la-table","8":"product_cat-non-palettisable","9":"product_cat-sel-et-poivre","10":"product_shipping_class-free-shipping","12":"first","13":"instock","14":"featured","15":"taxable","16":"shipping-taxable","17":"purchasable","18":"product-type-simple"},"_links":{"self":[{"href":"https:\/\/abinox-chr-clim.com\/index.php\/wp-json\/wp\/v2\/product\/64632","targetHints":{"allow":["GET"]}}],"collection":[{"href":"https:\/\/abinox-chr-clim.com\/index.php\/wp-json\/wp\/v2\/product"}],"about":[{"href":"https:\/\/abinox-chr-clim.com\/index.php\/wp-json\/wp\/v2\/types\/product"}],"replies":[{"embeddable":true,"href":"https:\/\/abinox-chr-clim.com\/index.php\/wp-json\/wp\/v2\/comments?post=64632"}],"wp:featuredmedia":[{"embeddable":true,"href":"https:\/\/abinox-chr-clim.com\/index.php\/wp-json\/wp\/v2\/media\/101855"}],"wp:attachment":[{"href":"https:\/\/abinox-chr-clim.com\/index.php\/wp-json\/wp\/v2\/media?parent=64632"}],"wp:term":[{"taxonomy":"product_brand","embeddable":true,"href":"https:\/\/abinox-chr-clim.com\/index.php\/wp-json\/wp\/v2\/product_brand?post=64632"},{"taxonomy":"product_cat","embeddable":true,"href":"https:\/\/abinox-chr-clim.com\/index.php\/wp-json\/wp\/v2\/product_cat?post=64632"},{"taxonomy":"product_tag","embeddable":true,"href":"https:\/\/abinox-chr-clim.com\/index.php\/wp-json\/wp\/v2\/product_tag?post=64632"}],"curies":[{"name":"wp","href":"https:\/\/api.w.org\/{rel}","templated":true}]}}