{"id":64622,"date":"2024-03-22T13:23:57","date_gmt":"2024-03-22T12:23:57","guid":{"rendered":"https:\/\/abinox-chr-clim.com\/index.php\/product\/saupoudreuse-grosses-perforations-schneider-300ml\/"},"modified":"2026-04-24T09:58:00","modified_gmt":"2026-04-24T07:58:00","slug":"saupoudreuse-grosses-perforations-schneider-300ml","status":"publish","type":"product","link":"https:\/\/abinox-chr-clim.com\/index.php\/product\/saupoudreuse-grosses-perforations-schneider-300ml\/","title":{"rendered":"Saupoudreuse grosses perforations Schneider 300ml"},"content":{"rendered":"<p>Acier inoxydable. Perforations fines pour le mod\u00e8le 350ml et grossi\u00e8res pour le mod\u00e8le 300ml.<br \/>Corps en acier inoxydable r\u00e9sistant. Evite les morceaux. Prot\u00e8ge le sucre de l&rsquo;humidit\u00e9. Corps en acier inoxydable r\u00e9sistant.<\/p>\n<p>Caract\u00e9ristiques :<br \/> Capacit\u00e9 : 30 cl.<br \/> Dimensions : 100(H) x 70(\u00d8) mm.<br \/> Mati\u00e8re : Inox.<br \/> Couleur : Argent.<\/p>\n","protected":false},"excerpt":{"rendered":"<p>Saupoudreuse grosses perforations Schneider 300ml<\/p>\n","protected":false},"featured_media":85936,"comment_status":"closed","ping_status":"closed","template":"","meta":[],"product_brand":[],"product_cat":[1024,1023,1297,1030],"product_tag":[],"class_list":{"0":"post-64622","1":"product","2":"type-product","3":"status-publish","4":"has-post-thumbnail","6":"product_cat-accessoires-de-table","7":"product_cat-art-de-la-table","8":"product_cat-non-palettisable","9":"product_cat-sel-et-poivre","10":"product_shipping_class-free-shipping","12":"first","13":"instock","14":"featured","15":"taxable","16":"shipping-taxable","17":"purchasable","18":"product-type-simple"},"_links":{"self":[{"href":"https:\/\/abinox-chr-clim.com\/index.php\/wp-json\/wp\/v2\/product\/64622","targetHints":{"allow":["GET"]}}],"collection":[{"href":"https:\/\/abinox-chr-clim.com\/index.php\/wp-json\/wp\/v2\/product"}],"about":[{"href":"https:\/\/abinox-chr-clim.com\/index.php\/wp-json\/wp\/v2\/types\/product"}],"replies":[{"embeddable":true,"href":"https:\/\/abinox-chr-clim.com\/index.php\/wp-json\/wp\/v2\/comments?post=64622"}],"wp:featuredmedia":[{"embeddable":true,"href":"https:\/\/abinox-chr-clim.com\/index.php\/wp-json\/wp\/v2\/media\/85936"}],"wp:attachment":[{"href":"https:\/\/abinox-chr-clim.com\/index.php\/wp-json\/wp\/v2\/media?parent=64622"}],"wp:term":[{"taxonomy":"product_brand","embeddable":true,"href":"https:\/\/abinox-chr-clim.com\/index.php\/wp-json\/wp\/v2\/product_brand?post=64622"},{"taxonomy":"product_cat","embeddable":true,"href":"https:\/\/abinox-chr-clim.com\/index.php\/wp-json\/wp\/v2\/product_cat?post=64622"},{"taxonomy":"product_tag","embeddable":true,"href":"https:\/\/abinox-chr-clim.com\/index.php\/wp-json\/wp\/v2\/product_tag?post=64622"}],"curies":[{"name":"wp","href":"https:\/\/api.w.org\/{rel}","templated":true}]}}