{"id":64620,"date":"2024-03-22T13:23:56","date_gmt":"2024-03-22T12:23:56","guid":{"rendered":"https:\/\/abinox-chr-clim.com\/index.php\/product\/saupoudreuse-a-tamis-maille-fine-125-cm\/"},"modified":"2026-04-15T09:46:00","modified_gmt":"2026-04-15T07:46:00","slug":"saupoudreuse-a-tamis-maille-fine-125-cm","status":"publish","type":"product","link":"https:\/\/abinox-chr-clim.com\/index.php\/product\/saupoudreuse-a-tamis-maille-fine-125-cm\/","title":{"rendered":"Saupoudreuse \u00e0 tamis maille fine 12,5 cm"},"content":{"rendered":"<p>Corps en acier inoxydable avec tamis \u00e0 maille fine pour \u00e9viter les morceaux.<br \/>Corps en acier inoxydable. Pr\u00e9serve le sucre de l&rsquo;humidit\u00e9. Evite les morceaux. R\u00e9sistante. Corps en acier inoxydable.<\/p>\n<p>Caract\u00e9ristiques :<br \/> Dimensions : 125(H) x 70(\u00d8) mm.<br \/> Mati\u00e8re : Inox.<br \/> Couleur : Argent.<\/p>\n","protected":false},"excerpt":{"rendered":"<p>Saupoudreuse \u00e0 tamis maille fine 12,5 cm<\/p>\n","protected":false},"featured_media":85934,"comment_status":"closed","ping_status":"closed","template":"","meta":[],"product_brand":[],"product_cat":[1024,1023,1297,1030],"product_tag":[],"class_list":{"0":"post-64620","1":"product","2":"type-product","3":"status-publish","4":"has-post-thumbnail","6":"product_cat-accessoires-de-table","7":"product_cat-art-de-la-table","8":"product_cat-non-palettisable","9":"product_cat-sel-et-poivre","10":"product_shipping_class-free-shipping","12":"first","13":"instock","14":"featured","15":"taxable","16":"shipping-taxable","17":"purchasable","18":"product-type-simple"},"_links":{"self":[{"href":"https:\/\/abinox-chr-clim.com\/index.php\/wp-json\/wp\/v2\/product\/64620","targetHints":{"allow":["GET"]}}],"collection":[{"href":"https:\/\/abinox-chr-clim.com\/index.php\/wp-json\/wp\/v2\/product"}],"about":[{"href":"https:\/\/abinox-chr-clim.com\/index.php\/wp-json\/wp\/v2\/types\/product"}],"replies":[{"embeddable":true,"href":"https:\/\/abinox-chr-clim.com\/index.php\/wp-json\/wp\/v2\/comments?post=64620"}],"wp:featuredmedia":[{"embeddable":true,"href":"https:\/\/abinox-chr-clim.com\/index.php\/wp-json\/wp\/v2\/media\/85934"}],"wp:attachment":[{"href":"https:\/\/abinox-chr-clim.com\/index.php\/wp-json\/wp\/v2\/media?parent=64620"}],"wp:term":[{"taxonomy":"product_brand","embeddable":true,"href":"https:\/\/abinox-chr-clim.com\/index.php\/wp-json\/wp\/v2\/product_brand?post=64620"},{"taxonomy":"product_cat","embeddable":true,"href":"https:\/\/abinox-chr-clim.com\/index.php\/wp-json\/wp\/v2\/product_cat?post=64620"},{"taxonomy":"product_tag","embeddable":true,"href":"https:\/\/abinox-chr-clim.com\/index.php\/wp-json\/wp\/v2\/product_tag?post=64620"}],"curies":[{"name":"wp","href":"https:\/\/api.w.org\/{rel}","templated":true}]}}