{"id":64619,"date":"2024-03-22T13:23:56","date_gmt":"2024-03-22T12:23:56","guid":{"rendered":"https:\/\/abinox-chr-clim.com\/index.php\/product\/moulin-a-sel-et-poivre-en-bois-effet-vieilli-olympia-150mm\/"},"modified":"2026-04-14T09:56:29","modified_gmt":"2026-04-14T07:56:29","slug":"moulin-a-sel-et-poivre-en-bois-effet-vieilli-olympia-150mm","status":"publish","type":"product","link":"https:\/\/abinox-chr-clim.com\/index.php\/product\/moulin-a-sel-et-poivre-en-bois-effet-vieilli-olympia-150mm\/","title":{"rendered":"Moulin \u00e0 sel et poivre en bois effet vieilli Olympia 150mm"},"content":{"rendered":"<p>Design r\u00e9tro. Corps en bois pour un style traditionnel. Les boutons de r\u00e9glage sont marqu\u00e9s d&rsquo;un S et d&rsquo;un P pour une identification facile. M\u00e9canisme en c\u00e9ramique r\u00e9glable permettant d&rsquo;obtenir une mouture fine ou grossi\u00e8re. Design r\u00e9tro.<\/p>\n<p>Caract\u00e9ristiques :<br \/> Dimensions : 150(H)mm.<br \/> Mati\u00e8re : Bois<\/p>\n","protected":false},"excerpt":{"rendered":"<p>Moulin \u00e0 sel et poivre en bois effet vieilli Olympia 150mm<\/p>\n","protected":false},"featured_media":85603,"comment_status":"closed","ping_status":"closed","template":"","meta":[],"product_brand":[],"product_cat":[1024,1023,1297,1030],"product_tag":[],"class_list":{"0":"post-64619","1":"product","2":"type-product","3":"status-publish","4":"has-post-thumbnail","6":"product_cat-accessoires-de-table","7":"product_cat-art-de-la-table","8":"product_cat-non-palettisable","9":"product_cat-sel-et-poivre","10":"product_shipping_class-free-shipping","12":"first","13":"instock","14":"featured","15":"taxable","16":"shipping-taxable","17":"purchasable","18":"product-type-simple"},"_links":{"self":[{"href":"https:\/\/abinox-chr-clim.com\/index.php\/wp-json\/wp\/v2\/product\/64619","targetHints":{"allow":["GET"]}}],"collection":[{"href":"https:\/\/abinox-chr-clim.com\/index.php\/wp-json\/wp\/v2\/product"}],"about":[{"href":"https:\/\/abinox-chr-clim.com\/index.php\/wp-json\/wp\/v2\/types\/product"}],"replies":[{"embeddable":true,"href":"https:\/\/abinox-chr-clim.com\/index.php\/wp-json\/wp\/v2\/comments?post=64619"}],"wp:featuredmedia":[{"embeddable":true,"href":"https:\/\/abinox-chr-clim.com\/index.php\/wp-json\/wp\/v2\/media\/85603"}],"wp:attachment":[{"href":"https:\/\/abinox-chr-clim.com\/index.php\/wp-json\/wp\/v2\/media?parent=64619"}],"wp:term":[{"taxonomy":"product_brand","embeddable":true,"href":"https:\/\/abinox-chr-clim.com\/index.php\/wp-json\/wp\/v2\/product_brand?post=64619"},{"taxonomy":"product_cat","embeddable":true,"href":"https:\/\/abinox-chr-clim.com\/index.php\/wp-json\/wp\/v2\/product_cat?post=64619"},{"taxonomy":"product_tag","embeddable":true,"href":"https:\/\/abinox-chr-clim.com\/index.php\/wp-json\/wp\/v2\/product_tag?post=64619"}],"curies":[{"name":"wp","href":"https:\/\/api.w.org\/{rel}","templated":true}]}}