{"id":64616,"date":"2024-03-22T13:23:55","date_gmt":"2024-03-22T12:23:55","guid":{"rendered":"https:\/\/abinox-chr-clim.com\/index.php\/product\/moulin-a-sel-et-a-poivre-olympia-bois-fonce-150mm\/"},"modified":"2026-04-15T08:44:41","modified_gmt":"2026-04-15T06:44:41","slug":"moulin-a-sel-et-a-poivre-olympia-bois-fonce-150mm","status":"publish","type":"product","link":"https:\/\/abinox-chr-clim.com\/index.php\/product\/moulin-a-sel-et-a-poivre-olympia-bois-fonce-150mm\/","title":{"rendered":"Moulin \u00e0 sel et \u00e0 poivre Olympia bois fonc\u00e9 150mm"},"content":{"rendered":"<p>Caract\u00e9ristiques :<br \/> Dimensions : 153(H) x 53(\u00d8) mm.<br \/> Mati\u00e8re : Bois<\/p>\n","protected":false},"excerpt":{"rendered":"<p>Moulin \u00e0 sel et \u00e0 poivre Olympia bois fonc\u00e9 150mm<\/p>\n","protected":false},"featured_media":82280,"comment_status":"closed","ping_status":"closed","template":"","meta":[],"product_brand":[],"product_cat":[1024,1023,1297,1030],"product_tag":[],"class_list":{"0":"post-64616","1":"product","2":"type-product","3":"status-publish","4":"has-post-thumbnail","6":"product_cat-accessoires-de-table","7":"product_cat-art-de-la-table","8":"product_cat-non-palettisable","9":"product_cat-sel-et-poivre","10":"product_shipping_class-free-shipping","12":"first","13":"outofstock","14":"featured","15":"taxable","16":"shipping-taxable","17":"purchasable","18":"product-type-simple"},"_links":{"self":[{"href":"https:\/\/abinox-chr-clim.com\/index.php\/wp-json\/wp\/v2\/product\/64616","targetHints":{"allow":["GET"]}}],"collection":[{"href":"https:\/\/abinox-chr-clim.com\/index.php\/wp-json\/wp\/v2\/product"}],"about":[{"href":"https:\/\/abinox-chr-clim.com\/index.php\/wp-json\/wp\/v2\/types\/product"}],"replies":[{"embeddable":true,"href":"https:\/\/abinox-chr-clim.com\/index.php\/wp-json\/wp\/v2\/comments?post=64616"}],"wp:featuredmedia":[{"embeddable":true,"href":"https:\/\/abinox-chr-clim.com\/index.php\/wp-json\/wp\/v2\/media\/82280"}],"wp:attachment":[{"href":"https:\/\/abinox-chr-clim.com\/index.php\/wp-json\/wp\/v2\/media?parent=64616"}],"wp:term":[{"taxonomy":"product_brand","embeddable":true,"href":"https:\/\/abinox-chr-clim.com\/index.php\/wp-json\/wp\/v2\/product_brand?post=64616"},{"taxonomy":"product_cat","embeddable":true,"href":"https:\/\/abinox-chr-clim.com\/index.php\/wp-json\/wp\/v2\/product_cat?post=64616"},{"taxonomy":"product_tag","embeddable":true,"href":"https:\/\/abinox-chr-clim.com\/index.php\/wp-json\/wp\/v2\/product_tag?post=64616"}],"curies":[{"name":"wp","href":"https:\/\/api.w.org\/{rel}","templated":true}]}}