{"id":64604,"date":"2024-03-22T13:23:53","date_gmt":"2024-03-22T12:23:53","guid":{"rendered":"https:\/\/abinox-chr-clim.com\/index.php\/product\/moulin-a-sel-acrylique-cole-mason-pina\/"},"modified":"2026-04-15T08:39:41","modified_gmt":"2026-04-15T06:39:41","slug":"moulin-a-sel-acrylique-cole-mason-pina","status":"publish","type":"product","link":"https:\/\/abinox-chr-clim.com\/index.php\/product\/moulin-a-sel-acrylique-cole-mason-pina\/","title":{"rendered":"Moulin \u00e0 sel acrylique Cole &#038; Mason Pina"},"content":{"rendered":"<p>Acrylique transparent de haute qualit\u00e9 garanti \u00e0 vie pour le m\u00e9canisme du moulin. Le m\u00e9canisme du poivrier est r\u00e9glable pour une mouture fine ou grossi\u00e8re. Hauteur 125 mm.<br \/>Convient parfaitement aux environement traditionnels et modernes. Tous les m\u00e9canismes sont garantis \u00e0 vie. Convient parfaitement aux environement traditionnels et modernes. .<br \/> Caract\u00e9ristiques :<br \/> Dimensions : 125(h)mm.<br \/> Mati\u00e8re : Acrylique.<br \/> Couleur : Transparent.<\/p>\n","protected":false},"excerpt":{"rendered":"<p>Moulin \u00e0 sel acrylique Cole &#038; Mason Pina<\/p>\n","protected":false},"featured_media":79680,"comment_status":"closed","ping_status":"closed","template":"","meta":[],"product_brand":[],"product_cat":[1024,1023,1297,1030],"product_tag":[],"class_list":{"0":"post-64604","1":"product","2":"type-product","3":"status-publish","4":"has-post-thumbnail","6":"product_cat-accessoires-de-table","7":"product_cat-art-de-la-table","8":"product_cat-non-palettisable","9":"product_cat-sel-et-poivre","10":"product_shipping_class-free-shipping","12":"first","13":"instock","14":"featured","15":"taxable","16":"shipping-taxable","17":"purchasable","18":"product-type-simple"},"_links":{"self":[{"href":"https:\/\/abinox-chr-clim.com\/index.php\/wp-json\/wp\/v2\/product\/64604","targetHints":{"allow":["GET"]}}],"collection":[{"href":"https:\/\/abinox-chr-clim.com\/index.php\/wp-json\/wp\/v2\/product"}],"about":[{"href":"https:\/\/abinox-chr-clim.com\/index.php\/wp-json\/wp\/v2\/types\/product"}],"replies":[{"embeddable":true,"href":"https:\/\/abinox-chr-clim.com\/index.php\/wp-json\/wp\/v2\/comments?post=64604"}],"wp:featuredmedia":[{"embeddable":true,"href":"https:\/\/abinox-chr-clim.com\/index.php\/wp-json\/wp\/v2\/media\/79680"}],"wp:attachment":[{"href":"https:\/\/abinox-chr-clim.com\/index.php\/wp-json\/wp\/v2\/media?parent=64604"}],"wp:term":[{"taxonomy":"product_brand","embeddable":true,"href":"https:\/\/abinox-chr-clim.com\/index.php\/wp-json\/wp\/v2\/product_brand?post=64604"},{"taxonomy":"product_cat","embeddable":true,"href":"https:\/\/abinox-chr-clim.com\/index.php\/wp-json\/wp\/v2\/product_cat?post=64604"},{"taxonomy":"product_tag","embeddable":true,"href":"https:\/\/abinox-chr-clim.com\/index.php\/wp-json\/wp\/v2\/product_tag?post=64604"}],"curies":[{"name":"wp","href":"https:\/\/api.w.org\/{rel}","templated":true}]}}