{"id":64600,"date":"2024-03-22T13:23:49","date_gmt":"2024-03-22T12:23:49","guid":{"rendered":"https:\/\/abinox-chr-clim.com\/index.php\/product\/mini-cocotte-ovale-en-fonte-vogue\/"},"modified":"2026-01-12T08:04:18","modified_gmt":"2026-01-12T07:04:18","slug":"mini-cocotte-ovale-en-fonte-vogue","status":"publish","type":"product","link":"https:\/\/abinox-chr-clim.com\/index.php\/product\/mini-cocotte-ovale-en-fonte-vogue\/","title":{"rendered":"Mini-cocotte ovale en fonte Vogue"},"content":{"rendered":"<p>La fonte permet une cuisson lente, uniforme et sans perte d&rsquo;\u00e9nergie. Les plats restent chauds plus longtemps. Le contraste entre l&rsquo;int\u00e9rieur \u00e9maill\u00e9 cr\u00e8me et l&rsquo;ext\u00e9rieur color\u00e9 agr\u00e9mente la pr\u00e9sentation du four \u00e0 la table. Toutes les dimensions sont des dimensions int\u00e9rieures.<br \/>La fonte garde la chaleur plus longtemps permettant ainsi d&rsquo;\u00e9conomiser l&rsquo;\u00e9nergie.Compatible avec toutes les sources de chaleur: cuisini\u00e8re \u00e0 gaz, \u00e9lectrique, \u00e0 induction et vitro-c\u00e9ramique.La taille compacte est parfaite pour servir des plats chauds individuels, des gratins et plus encore. Finition noire brillante \u00e9l\u00e9gante avec deux poign\u00e9es pour un transport direct jusqu&rsquo;\u00e0 la table. La r\u00e9tention de chaleur exceptionnelle garde les aliments plus chauds plus longtemps une fois cuits. Lorsque le plat est correctement culott\u00e9, il restera antiadh\u00e9sif et ne rouillera pas pendant tr\u00e8s longtemps.La fonte garde la chaleur plus longtemps permettant ainsi d&rsquo;\u00e9conomiser l&rsquo;\u00e9nergie.Prot\u00e9gez vos surfaces en servant la cocotte avec le support en bois Olympia de 115 mm &#8211; GJ552. Ne convient pas au lavage au lave-vaisselle. La fonte garde la chaleur plus longtemps permettant ainsi d&rsquo;\u00e9conomiser l&rsquo;\u00e9nergie. .<br \/> Caract\u00e9ristiques :<br \/> Capacit\u00e9 : 315ml.<br \/> Dimensions : 49(H) x 94(L) x 113(P).<br \/> Mati\u00e8re : Fonte.<br \/> Couleur : Noir.<\/p>\n","protected":false},"excerpt":{"rendered":"<p>Mini-cocotte ovale en fonte Vogue<\/p>\n","protected":false},"featured_media":97697,"comment_status":"closed","ping_status":"closed","template":"","meta":[],"product_brand":[],"product_cat":[1024,1023,1297,1029],"product_tag":[],"class_list":{"0":"post-64600","1":"product","2":"type-product","3":"status-publish","4":"has-post-thumbnail","6":"product_cat-accessoires-de-table","7":"product_cat-art-de-la-table","8":"product_cat-non-palettisable","9":"product_cat-presentation","10":"product_shipping_class-free-shipping","12":"first","13":"outofstock","14":"featured","15":"taxable","16":"shipping-taxable","17":"purchasable","18":"product-type-simple"},"_links":{"self":[{"href":"https:\/\/abinox-chr-clim.com\/index.php\/wp-json\/wp\/v2\/product\/64600","targetHints":{"allow":["GET"]}}],"collection":[{"href":"https:\/\/abinox-chr-clim.com\/index.php\/wp-json\/wp\/v2\/product"}],"about":[{"href":"https:\/\/abinox-chr-clim.com\/index.php\/wp-json\/wp\/v2\/types\/product"}],"replies":[{"embeddable":true,"href":"https:\/\/abinox-chr-clim.com\/index.php\/wp-json\/wp\/v2\/comments?post=64600"}],"wp:featuredmedia":[{"embeddable":true,"href":"https:\/\/abinox-chr-clim.com\/index.php\/wp-json\/wp\/v2\/media\/97697"}],"wp:attachment":[{"href":"https:\/\/abinox-chr-clim.com\/index.php\/wp-json\/wp\/v2\/media?parent=64600"}],"wp:term":[{"taxonomy":"product_brand","embeddable":true,"href":"https:\/\/abinox-chr-clim.com\/index.php\/wp-json\/wp\/v2\/product_brand?post=64600"},{"taxonomy":"product_cat","embeddable":true,"href":"https:\/\/abinox-chr-clim.com\/index.php\/wp-json\/wp\/v2\/product_cat?post=64600"},{"taxonomy":"product_tag","embeddable":true,"href":"https:\/\/abinox-chr-clim.com\/index.php\/wp-json\/wp\/v2\/product_tag?post=64600"}],"curies":[{"name":"wp","href":"https:\/\/api.w.org\/{rel}","templated":true}]}}