{"id":64585,"date":"2024-03-22T13:23:46","date_gmt":"2024-03-22T12:23:46","guid":{"rendered":"https:\/\/abinox-chr-clim.com\/index.php\/product\/panier-ovale-en-polypropylene-olympia-kristallon\/"},"modified":"2026-04-15T09:14:20","modified_gmt":"2026-04-15T07:14:20","slug":"panier-ovale-en-polypropylene-olympia-kristallon","status":"publish","type":"product","link":"https:\/\/abinox-chr-clim.com\/index.php\/product\/panier-ovale-en-polypropylene-olympia-kristallon\/","title":{"rendered":"Panier ovale en polypropyl\u00e8ne Olympia Kristallon"},"content":{"rendered":"<p>Compatibles lave-vaisselle et micro-ondes.<br \/>R\u00e9siste au lave-vaisselle ainsi qu&rsquo;au micro-ondes (pour r\u00e9chauffer uniquement). R\u00e9siste au lave-vaisselle ainsi qu&rsquo;au micro-ondes (pour r\u00e9chauffer uniquement). .<br \/> Caract\u00e9ristiques :<br \/> Dimensions : 215x 160mm.<br \/> Mati\u00e8re : Polypropyl\u00e8ne.<br \/> Couleur : Marron.<\/p>\n","protected":false},"excerpt":{"rendered":"<p>Panier ovale en polypropyl\u00e8ne Olympia Kristallon<\/p>\n","protected":false},"featured_media":100253,"comment_status":"closed","ping_status":"closed","template":"","meta":[],"product_brand":[],"product_cat":[1024,1023,1297,1029],"product_tag":[],"class_list":{"0":"post-64585","1":"product","2":"type-product","3":"status-publish","4":"has-post-thumbnail","6":"product_cat-accessoires-de-table","7":"product_cat-art-de-la-table","8":"product_cat-non-palettisable","9":"product_cat-presentation","10":"product_shipping_class-free-shipping","12":"first","13":"instock","14":"featured","15":"taxable","16":"shipping-taxable","17":"purchasable","18":"product-type-simple"},"_links":{"self":[{"href":"https:\/\/abinox-chr-clim.com\/index.php\/wp-json\/wp\/v2\/product\/64585","targetHints":{"allow":["GET"]}}],"collection":[{"href":"https:\/\/abinox-chr-clim.com\/index.php\/wp-json\/wp\/v2\/product"}],"about":[{"href":"https:\/\/abinox-chr-clim.com\/index.php\/wp-json\/wp\/v2\/types\/product"}],"replies":[{"embeddable":true,"href":"https:\/\/abinox-chr-clim.com\/index.php\/wp-json\/wp\/v2\/comments?post=64585"}],"wp:featuredmedia":[{"embeddable":true,"href":"https:\/\/abinox-chr-clim.com\/index.php\/wp-json\/wp\/v2\/media\/100253"}],"wp:attachment":[{"href":"https:\/\/abinox-chr-clim.com\/index.php\/wp-json\/wp\/v2\/media?parent=64585"}],"wp:term":[{"taxonomy":"product_brand","embeddable":true,"href":"https:\/\/abinox-chr-clim.com\/index.php\/wp-json\/wp\/v2\/product_brand?post=64585"},{"taxonomy":"product_cat","embeddable":true,"href":"https:\/\/abinox-chr-clim.com\/index.php\/wp-json\/wp\/v2\/product_cat?post=64585"},{"taxonomy":"product_tag","embeddable":true,"href":"https:\/\/abinox-chr-clim.com\/index.php\/wp-json\/wp\/v2\/product_tag?post=64585"}],"curies":[{"name":"wp","href":"https:\/\/api.w.org\/{rel}","templated":true}]}}