{"id":64584,"date":"2024-03-22T13:23:45","date_gmt":"2024-03-22T12:23:45","guid":{"rendered":"https:\/\/abinox-chr-clim.com\/index.php\/product\/porte-toast-metallique-olympia-6-tranches\/"},"modified":"2025-08-26T12:14:53","modified_gmt":"2025-08-26T10:14:53","slug":"porte-toast-metallique-olympia-6-tranches","status":"publish","type":"product","link":"https:\/\/abinox-chr-clim.com\/index.php\/product\/porte-toast-metallique-olympia-6-tranches\/","title":{"rendered":"Porte-toast m\u00e9tallique Olympia 6 tranches"},"content":{"rendered":"<p>Design contemporain avec six fentes. 135(H) x 155(L) x 80(P) mm.<br \/>Pour 6 toasts. Poign\u00e9e pour un transport facile \u00e0 la table. Facile \u00e0 nettoyer et \u00e0 entretenir. Les pieds soul\u00e8vent l\u00e9g\u00e8rement le toast de table, pour plus d&rsquo;hygi\u00e8ne. Durable.  Pour 6 toasts.<\/p>\n<p>Caract\u00e9ristiques :<br \/> Dimensions : 135(H) x 155(L) x 80(P) mm.<br \/> Mati\u00e8re : Inox.<br \/> Couleur : Acier inoxydable.<\/p>\n","protected":false},"excerpt":{"rendered":"<p>Porte-toast m\u00e9tallique Olympia 6 tranches<\/p>\n","protected":false},"featured_media":104466,"comment_status":"closed","ping_status":"closed","template":"","meta":[],"product_brand":[],"product_cat":[1024,1023,1297,1029],"product_tag":[],"class_list":{"0":"post-64584","1":"product","2":"type-product","3":"status-publish","4":"has-post-thumbnail","6":"product_cat-accessoires-de-table","7":"product_cat-art-de-la-table","8":"product_cat-non-palettisable","9":"product_cat-presentation","10":"product_shipping_class-free-shipping","12":"first","13":"outofstock","14":"featured","15":"taxable","16":"shipping-taxable","17":"purchasable","18":"product-type-simple"},"_links":{"self":[{"href":"https:\/\/abinox-chr-clim.com\/index.php\/wp-json\/wp\/v2\/product\/64584","targetHints":{"allow":["GET"]}}],"collection":[{"href":"https:\/\/abinox-chr-clim.com\/index.php\/wp-json\/wp\/v2\/product"}],"about":[{"href":"https:\/\/abinox-chr-clim.com\/index.php\/wp-json\/wp\/v2\/types\/product"}],"replies":[{"embeddable":true,"href":"https:\/\/abinox-chr-clim.com\/index.php\/wp-json\/wp\/v2\/comments?post=64584"}],"wp:featuredmedia":[{"embeddable":true,"href":"https:\/\/abinox-chr-clim.com\/index.php\/wp-json\/wp\/v2\/media\/104466"}],"wp:attachment":[{"href":"https:\/\/abinox-chr-clim.com\/index.php\/wp-json\/wp\/v2\/media?parent=64584"}],"wp:term":[{"taxonomy":"product_brand","embeddable":true,"href":"https:\/\/abinox-chr-clim.com\/index.php\/wp-json\/wp\/v2\/product_brand?post=64584"},{"taxonomy":"product_cat","embeddable":true,"href":"https:\/\/abinox-chr-clim.com\/index.php\/wp-json\/wp\/v2\/product_cat?post=64584"},{"taxonomy":"product_tag","embeddable":true,"href":"https:\/\/abinox-chr-clim.com\/index.php\/wp-json\/wp\/v2\/product_tag?post=64584"}],"curies":[{"name":"wp","href":"https:\/\/api.w.org\/{rel}","templated":true}]}}