{"id":64575,"date":"2024-03-22T13:23:43","date_gmt":"2024-03-22T12:23:43","guid":{"rendered":"https:\/\/abinox-chr-clim.com\/index.php\/product\/etiquettes-chevalet-buffet-a7-securit-lot-de-5\/"},"modified":"2026-04-14T09:41:57","modified_gmt":"2026-04-14T07:41:57","slug":"etiquettes-chevalet-buffet-a7-securit-lot-de-5","status":"publish","type":"product","link":"https:\/\/abinox-chr-clim.com\/index.php\/product\/etiquettes-chevalet-buffet-a7-securit-lot-de-5\/","title":{"rendered":"Etiquettes chevalet buffet A7 Securit (Lot de 5)"},"content":{"rendered":"<p>A poser. Noir mat en plastique. S&rsquo;utilisent avec un feutre craie liquide (non inclus).<br \/>Surface noire. S&rsquo;utilise avec un feutre craie liquide (non fourni). Facile \u00e0 nettoyer. Surface inscriptible des 2 c\u00f4t\u00e9s. Surface noire.<\/p>\n<p>Caract\u00e9ristiques :<br \/>Lot : 5.<br \/> Dimensions : 105(H) x 74(L) mm.<br \/> Mati\u00e8re : Polypropyl\u00e8ne.<br \/> Couleur : Noir.<\/p>\n","protected":false},"excerpt":{"rendered":"<p>Etiquettes chevalet buffet A7 Securit (Lot de 5)<\/p>\n","protected":false},"featured_media":102202,"comment_status":"closed","ping_status":"closed","template":"","meta":[],"product_brand":[],"product_cat":[1024,1023,1297,1029],"product_tag":[],"class_list":{"0":"post-64575","1":"product","2":"type-product","3":"status-publish","4":"has-post-thumbnail","6":"product_cat-accessoires-de-table","7":"product_cat-art-de-la-table","8":"product_cat-non-palettisable","9":"product_cat-presentation","10":"product_shipping_class-free-shipping","12":"first","13":"instock","14":"featured","15":"taxable","16":"shipping-taxable","17":"purchasable","18":"product-type-simple"},"_links":{"self":[{"href":"https:\/\/abinox-chr-clim.com\/index.php\/wp-json\/wp\/v2\/product\/64575","targetHints":{"allow":["GET"]}}],"collection":[{"href":"https:\/\/abinox-chr-clim.com\/index.php\/wp-json\/wp\/v2\/product"}],"about":[{"href":"https:\/\/abinox-chr-clim.com\/index.php\/wp-json\/wp\/v2\/types\/product"}],"replies":[{"embeddable":true,"href":"https:\/\/abinox-chr-clim.com\/index.php\/wp-json\/wp\/v2\/comments?post=64575"}],"wp:featuredmedia":[{"embeddable":true,"href":"https:\/\/abinox-chr-clim.com\/index.php\/wp-json\/wp\/v2\/media\/102202"}],"wp:attachment":[{"href":"https:\/\/abinox-chr-clim.com\/index.php\/wp-json\/wp\/v2\/media?parent=64575"}],"wp:term":[{"taxonomy":"product_brand","embeddable":true,"href":"https:\/\/abinox-chr-clim.com\/index.php\/wp-json\/wp\/v2\/product_brand?post=64575"},{"taxonomy":"product_cat","embeddable":true,"href":"https:\/\/abinox-chr-clim.com\/index.php\/wp-json\/wp\/v2\/product_cat?post=64575"},{"taxonomy":"product_tag","embeddable":true,"href":"https:\/\/abinox-chr-clim.com\/index.php\/wp-json\/wp\/v2\/product_tag?post=64575"}],"curies":[{"name":"wp","href":"https:\/\/api.w.org\/{rel}","templated":true}]}}