{"id":64574,"date":"2024-03-22T13:23:43","date_gmt":"2024-03-22T12:23:43","guid":{"rendered":"https:\/\/abinox-chr-clim.com\/index.php\/product\/grande-planche-en-acacia-bords-ondules-olympia-355x250x15mm-manche-85mm\/"},"modified":"2026-04-14T09:41:55","modified_gmt":"2026-04-14T07:41:55","slug":"grande-planche-en-acacia-bords-ondules-olympia-355x250x15mm-manche-85mm","status":"publish","type":"product","link":"https:\/\/abinox-chr-clim.com\/index.php\/product\/grande-planche-en-acacia-bords-ondules-olympia-355x250x15mm-manche-85mm\/","title":{"rendered":"Grande planche en acacia bords ondul\u00e9s Olympia 355x250x15mm manche 85mm"},"content":{"rendered":"<p>Planches de service rustiques en acacia avec bords ondul\u00e9s et lien en cuir.<br \/>Le bois d&rsquo;acacia donne \u00e0 la planche un aspect rustique et authentique.\u00c9tiquette en cuir attach\u00e9e pour un rangement facile. Lavage \u00e0 la main uniquement. Huilez r\u00e9guli\u00e8rement. Nettoyer avec un chiffon humide. Ne pas immerger dans l&rsquo;eau. La construction monobloc en bois offre une excellente durabilit\u00e9. La poign\u00e9e permet un transport s\u00fbr et confortable. Le bois clair permet de mettre en valeur les ingr\u00e9dients color\u00e9s.Le bois d&rsquo;acacia donne \u00e0 la planche un aspect rustique et authentique. .<br \/> Caract\u00e9ristiques :<br \/> Dimensions : 15(H) x 355(L) x 250(P)mm.<br \/> Mati\u00e8re : Acacia.<br \/> Couleur : Bois d&rsquo;acacia.<\/p>\n","protected":false},"excerpt":{"rendered":"<p>Grande planche en acacia bords ondul\u00e9s Olympia 355x250x15mm manche 85mm<\/p>\n","protected":false},"featured_media":102200,"comment_status":"closed","ping_status":"closed","template":"","meta":[],"product_brand":[],"product_cat":[1024,1023,1297,1029],"product_tag":[],"class_list":{"0":"post-64574","1":"product","2":"type-product","3":"status-publish","4":"has-post-thumbnail","6":"product_cat-accessoires-de-table","7":"product_cat-art-de-la-table","8":"product_cat-non-palettisable","9":"product_cat-presentation","10":"product_shipping_class-free-shipping","12":"first","13":"instock","14":"featured","15":"taxable","16":"shipping-taxable","17":"purchasable","18":"product-type-simple"},"_links":{"self":[{"href":"https:\/\/abinox-chr-clim.com\/index.php\/wp-json\/wp\/v2\/product\/64574","targetHints":{"allow":["GET"]}}],"collection":[{"href":"https:\/\/abinox-chr-clim.com\/index.php\/wp-json\/wp\/v2\/product"}],"about":[{"href":"https:\/\/abinox-chr-clim.com\/index.php\/wp-json\/wp\/v2\/types\/product"}],"replies":[{"embeddable":true,"href":"https:\/\/abinox-chr-clim.com\/index.php\/wp-json\/wp\/v2\/comments?post=64574"}],"wp:featuredmedia":[{"embeddable":true,"href":"https:\/\/abinox-chr-clim.com\/index.php\/wp-json\/wp\/v2\/media\/102200"}],"wp:attachment":[{"href":"https:\/\/abinox-chr-clim.com\/index.php\/wp-json\/wp\/v2\/media?parent=64574"}],"wp:term":[{"taxonomy":"product_brand","embeddable":true,"href":"https:\/\/abinox-chr-clim.com\/index.php\/wp-json\/wp\/v2\/product_brand?post=64574"},{"taxonomy":"product_cat","embeddable":true,"href":"https:\/\/abinox-chr-clim.com\/index.php\/wp-json\/wp\/v2\/product_cat?post=64574"},{"taxonomy":"product_tag","embeddable":true,"href":"https:\/\/abinox-chr-clim.com\/index.php\/wp-json\/wp\/v2\/product_tag?post=64574"}],"curies":[{"name":"wp","href":"https:\/\/api.w.org\/{rel}","templated":true}]}}