{"id":64565,"date":"2024-03-22T13:23:40","date_gmt":"2024-03-22T12:23:40","guid":{"rendered":"https:\/\/abinox-chr-clim.com\/index.php\/product\/porte-couverts-avec-ardoise-sur-un-cote-olympia-150x210x160mm\/"},"modified":"2026-04-29T10:14:19","modified_gmt":"2026-04-29T08:14:19","slug":"porte-couverts-avec-ardoise-sur-un-cote-olympia-150x210x160mm","status":"publish","type":"product","link":"https:\/\/abinox-chr-clim.com\/index.php\/product\/porte-couverts-avec-ardoise-sur-un-cote-olympia-150x210x160mm\/","title":{"rendered":"Porte couverts avec ardoise sur un c\u00f4t\u00e9 Olympia 150x210x160mm"},"content":{"rendered":"<p>Poss\u00e8de des poign\u00e9es de chaque c\u00f4t\u00e9 pour faciliter le transport.Multiples configurations. Utiliser avec des feutres craie liquide ou de la craie. Avec poign\u00e9es de transport. Poss\u00e8de des poign\u00e9es de chaque c\u00f4t\u00e9 pour faciliter le transport. .<br \/> Caract\u00e9ristiques :<br \/> Dimensions : 150(H) x 210(L) x 160(P) mm.<br \/> Mati\u00e8re : Bois<\/p>\n","protected":false},"excerpt":{"rendered":"<p>Porte couverts avec ardoise sur un c\u00f4t\u00e9 Olympia 150x210x160mm<\/p>\n","protected":false},"featured_media":102188,"comment_status":"closed","ping_status":"closed","template":"","meta":[],"product_brand":[],"product_cat":[1024,1023,1297,1029],"product_tag":[],"class_list":{"0":"post-64565","1":"product","2":"type-product","3":"status-publish","4":"has-post-thumbnail","6":"product_cat-accessoires-de-table","7":"product_cat-art-de-la-table","8":"product_cat-non-palettisable","9":"product_cat-presentation","10":"product_shipping_class-free-shipping","12":"first","13":"instock","14":"featured","15":"taxable","16":"shipping-taxable","17":"purchasable","18":"product-type-simple"},"_links":{"self":[{"href":"https:\/\/abinox-chr-clim.com\/index.php\/wp-json\/wp\/v2\/product\/64565","targetHints":{"allow":["GET"]}}],"collection":[{"href":"https:\/\/abinox-chr-clim.com\/index.php\/wp-json\/wp\/v2\/product"}],"about":[{"href":"https:\/\/abinox-chr-clim.com\/index.php\/wp-json\/wp\/v2\/types\/product"}],"replies":[{"embeddable":true,"href":"https:\/\/abinox-chr-clim.com\/index.php\/wp-json\/wp\/v2\/comments?post=64565"}],"wp:featuredmedia":[{"embeddable":true,"href":"https:\/\/abinox-chr-clim.com\/index.php\/wp-json\/wp\/v2\/media\/102188"}],"wp:attachment":[{"href":"https:\/\/abinox-chr-clim.com\/index.php\/wp-json\/wp\/v2\/media?parent=64565"}],"wp:term":[{"taxonomy":"product_brand","embeddable":true,"href":"https:\/\/abinox-chr-clim.com\/index.php\/wp-json\/wp\/v2\/product_brand?post=64565"},{"taxonomy":"product_cat","embeddable":true,"href":"https:\/\/abinox-chr-clim.com\/index.php\/wp-json\/wp\/v2\/product_cat?post=64565"},{"taxonomy":"product_tag","embeddable":true,"href":"https:\/\/abinox-chr-clim.com\/index.php\/wp-json\/wp\/v2\/product_tag?post=64565"}],"curies":[{"name":"wp","href":"https:\/\/api.w.org\/{rel}","templated":true}]}}