{"id":64563,"date":"2024-03-22T13:23:39","date_gmt":"2024-03-22T12:23:39","guid":{"rendered":"https:\/\/abinox-chr-clim.com\/index.php\/product\/plat-en-fonte-rond-olympia-220mm\/"},"modified":"2026-04-14T09:46:00","modified_gmt":"2026-04-14T07:46:00","slug":"plat-en-fonte-rond-olympia-220mm","status":"publish","type":"product","link":"https:\/\/abinox-chr-clim.com\/index.php\/product\/plat-en-fonte-rond-olympia-220mm\/","title":{"rendered":"Plat en fonte rond Olympia 220mm"},"content":{"rendered":"<p>Le plat et le support sont vendus s\u00e9par\u00e9ment.<br \/>La surface de cuisson plate donne une finition attrayante et uniforme. Peut \u00eatre utilis\u00e9 sur toutes les surfaces de cuisson, y compris les plaques \u00e0 induction. Culottage indispensable. Convient au service du four \u00e0 la table pour r\u00e9duire la quantit\u00e9 de vaisselle. L&rsquo;aspect authentique et rustique ajoute du charme \u00e0 votre service de table. La poign\u00e9e amovible est facile \u00e0 fixer lorsque vous devez le transporter. Ne passe pas au lave-vaisselle mais se nettoie facilement \u00e0 la main. Conception en fonte extr\u00eamement solide pour une utilisation professionnelle quotidienne. Peut \u00eatre utilis\u00e9 avec une base en bois &#8211; GG134. N&rsquo;attache pas si correctement culott\u00e9. La surface de cuisson plate donne une finition attrayante et uniforme.<\/p>\n<p>Caract\u00e9ristiques :<br \/> Dimensions : 220(\u00d8) x 30(H)mm.<br \/> Mati\u00e8re : Fonte.<br \/> Couleur : Gris.<\/p>\n","protected":false},"excerpt":{"rendered":"<p>Plat en fonte rond Olympia 220mm<\/p>\n","protected":false},"featured_media":101926,"comment_status":"closed","ping_status":"closed","template":"","meta":[],"product_brand":[],"product_cat":[1024,1023,1297,1029],"product_tag":[],"class_list":{"0":"post-64563","1":"product","2":"type-product","3":"status-publish","4":"has-post-thumbnail","6":"product_cat-accessoires-de-table","7":"product_cat-art-de-la-table","8":"product_cat-non-palettisable","9":"product_cat-presentation","10":"product_shipping_class-free-shipping","12":"first","13":"instock","14":"featured","15":"taxable","16":"shipping-taxable","17":"purchasable","18":"product-type-simple"},"_links":{"self":[{"href":"https:\/\/abinox-chr-clim.com\/index.php\/wp-json\/wp\/v2\/product\/64563","targetHints":{"allow":["GET"]}}],"collection":[{"href":"https:\/\/abinox-chr-clim.com\/index.php\/wp-json\/wp\/v2\/product"}],"about":[{"href":"https:\/\/abinox-chr-clim.com\/index.php\/wp-json\/wp\/v2\/types\/product"}],"replies":[{"embeddable":true,"href":"https:\/\/abinox-chr-clim.com\/index.php\/wp-json\/wp\/v2\/comments?post=64563"}],"wp:featuredmedia":[{"embeddable":true,"href":"https:\/\/abinox-chr-clim.com\/index.php\/wp-json\/wp\/v2\/media\/101926"}],"wp:attachment":[{"href":"https:\/\/abinox-chr-clim.com\/index.php\/wp-json\/wp\/v2\/media?parent=64563"}],"wp:term":[{"taxonomy":"product_brand","embeddable":true,"href":"https:\/\/abinox-chr-clim.com\/index.php\/wp-json\/wp\/v2\/product_brand?post=64563"},{"taxonomy":"product_cat","embeddable":true,"href":"https:\/\/abinox-chr-clim.com\/index.php\/wp-json\/wp\/v2\/product_cat?post=64563"},{"taxonomy":"product_tag","embeddable":true,"href":"https:\/\/abinox-chr-clim.com\/index.php\/wp-json\/wp\/v2\/product_tag?post=64563"}],"curies":[{"name":"wp","href":"https:\/\/api.w.org\/{rel}","templated":true}]}}