{"id":64562,"date":"2024-03-22T13:23:39","date_gmt":"2024-03-22T12:23:39","guid":{"rendered":"https:\/\/abinox-chr-clim.com\/index.php\/product\/support-en-bois-clair-pour-plat-rond-en-fonte-avec-oreilles-gj554-olympia\/"},"modified":"2026-04-02T09:25:19","modified_gmt":"2026-04-02T07:25:19","slug":"support-en-bois-clair-pour-plat-rond-en-fonte-avec-oreilles-gj554-olympia","status":"publish","type":"product","link":"https:\/\/abinox-chr-clim.com\/index.php\/product\/support-en-bois-clair-pour-plat-rond-en-fonte-avec-oreilles-gj554-olympia\/","title":{"rendered":"Support en bois clair pour plat rond en fonte avec oreilles GJ554 Olympia"},"content":{"rendered":"<p>Le plat et le support sont vendus s\u00e9par\u00e9ment.<\/p>\n<p>Caract\u00e9ristiques :<br \/> Dimensions : 210(\u00d8)mm.<br \/> Mati\u00e8re : H\u00e9v\u00e9a.<br \/> Couleur : Bois clair.<\/p>\n","protected":false},"excerpt":{"rendered":"<p>Support en bois clair pour plat rond en fonte avec oreilles GJ554 Olympia<\/p>\n","protected":false},"featured_media":101925,"comment_status":"closed","ping_status":"closed","template":"","meta":[],"product_brand":[],"product_cat":[1024,1023,1297,1029],"product_tag":[],"class_list":{"0":"post-64562","1":"product","2":"type-product","3":"status-publish","4":"has-post-thumbnail","6":"product_cat-accessoires-de-table","7":"product_cat-art-de-la-table","8":"product_cat-non-palettisable","9":"product_cat-presentation","10":"product_shipping_class-free-shipping","12":"first","13":"instock","14":"featured","15":"taxable","16":"shipping-taxable","17":"purchasable","18":"product-type-simple"},"_links":{"self":[{"href":"https:\/\/abinox-chr-clim.com\/index.php\/wp-json\/wp\/v2\/product\/64562","targetHints":{"allow":["GET"]}}],"collection":[{"href":"https:\/\/abinox-chr-clim.com\/index.php\/wp-json\/wp\/v2\/product"}],"about":[{"href":"https:\/\/abinox-chr-clim.com\/index.php\/wp-json\/wp\/v2\/types\/product"}],"replies":[{"embeddable":true,"href":"https:\/\/abinox-chr-clim.com\/index.php\/wp-json\/wp\/v2\/comments?post=64562"}],"wp:featuredmedia":[{"embeddable":true,"href":"https:\/\/abinox-chr-clim.com\/index.php\/wp-json\/wp\/v2\/media\/101925"}],"wp:attachment":[{"href":"https:\/\/abinox-chr-clim.com\/index.php\/wp-json\/wp\/v2\/media?parent=64562"}],"wp:term":[{"taxonomy":"product_brand","embeddable":true,"href":"https:\/\/abinox-chr-clim.com\/index.php\/wp-json\/wp\/v2\/product_brand?post=64562"},{"taxonomy":"product_cat","embeddable":true,"href":"https:\/\/abinox-chr-clim.com\/index.php\/wp-json\/wp\/v2\/product_cat?post=64562"},{"taxonomy":"product_tag","embeddable":true,"href":"https:\/\/abinox-chr-clim.com\/index.php\/wp-json\/wp\/v2\/product_tag?post=64562"}],"curies":[{"name":"wp","href":"https:\/\/api.w.org\/{rel}","templated":true}]}}