{"id":64561,"date":"2024-03-22T13:23:39","date_gmt":"2024-03-22T12:23:39","guid":{"rendered":"https:\/\/abinox-chr-clim.com\/index.php\/product\/plat-en-fonte-rond-a-oreilles-olympia\/"},"modified":"2026-04-02T09:25:18","modified_gmt":"2026-04-02T07:25:18","slug":"plat-en-fonte-rond-a-oreilles-olympia","status":"publish","type":"product","link":"https:\/\/abinox-chr-clim.com\/index.php\/product\/plat-en-fonte-rond-a-oreilles-olympia\/","title":{"rendered":"Plat en fonte rond \u00e0 oreilles Olympia"},"content":{"rendered":"<p>Le plat et le support sont vendus s\u00e9par\u00e9ment.<br \/>Compatible avec l&rsquo;induction. La surface de cuisson plate laisse une finition attrayante et uniforme. Peut \u00eatre utilis\u00e9 sur toutes les surfaces de cuisson, y compris les plaques \u00e0 induction. Culottage n\u00e9cessaire. La profondeur du plat de 42 mm permet de cuisiner et de servir une grande vari\u00e9t\u00e9 d&rsquo;aliments. Deux poign\u00e9es robustes facilitent le transport ou le d\u00e9placement. 245 mm de long, poign\u00e9es comprises. Conception en fonte extr\u00eamement solide pour une utilisation professionnelle quotidienne. Ne passe pas au lave-vaisselle mais se nettoie facilement \u00e0 la main. Convient au service du four \u00e0 la table pour r\u00e9duire la quantit\u00e9 de vaisselle. L&rsquo;aspect authentique et rustique ajoute du charme \u00e0 votre service de table. Socle en bois vendu s\u00e9par\u00e9ment &#8211; GJ555. Compatible avec l&rsquo;induction.<\/p>\n<p>Caract\u00e9ristiques :<br \/> Capacit\u00e9 : 760ml.<br \/> Dimensions : 180(\u00d8) mm.<br \/> Mati\u00e8re : Fonte.<br \/> Couleur : Noir brillant.<\/p>\n","protected":false},"excerpt":{"rendered":"<p>Plat en fonte rond \u00e0 oreilles Olympia<\/p>\n","protected":false},"featured_media":101924,"comment_status":"closed","ping_status":"closed","template":"","meta":[],"product_brand":[],"product_cat":[1024,1023,1297,1029],"product_tag":[],"class_list":{"0":"post-64561","1":"product","2":"type-product","3":"status-publish","4":"has-post-thumbnail","6":"product_cat-accessoires-de-table","7":"product_cat-art-de-la-table","8":"product_cat-non-palettisable","9":"product_cat-presentation","10":"product_shipping_class-free-shipping","12":"first","13":"instock","14":"featured","15":"taxable","16":"shipping-taxable","17":"purchasable","18":"product-type-simple"},"_links":{"self":[{"href":"https:\/\/abinox-chr-clim.com\/index.php\/wp-json\/wp\/v2\/product\/64561","targetHints":{"allow":["GET"]}}],"collection":[{"href":"https:\/\/abinox-chr-clim.com\/index.php\/wp-json\/wp\/v2\/product"}],"about":[{"href":"https:\/\/abinox-chr-clim.com\/index.php\/wp-json\/wp\/v2\/types\/product"}],"replies":[{"embeddable":true,"href":"https:\/\/abinox-chr-clim.com\/index.php\/wp-json\/wp\/v2\/comments?post=64561"}],"wp:featuredmedia":[{"embeddable":true,"href":"https:\/\/abinox-chr-clim.com\/index.php\/wp-json\/wp\/v2\/media\/101924"}],"wp:attachment":[{"href":"https:\/\/abinox-chr-clim.com\/index.php\/wp-json\/wp\/v2\/media?parent=64561"}],"wp:term":[{"taxonomy":"product_brand","embeddable":true,"href":"https:\/\/abinox-chr-clim.com\/index.php\/wp-json\/wp\/v2\/product_brand?post=64561"},{"taxonomy":"product_cat","embeddable":true,"href":"https:\/\/abinox-chr-clim.com\/index.php\/wp-json\/wp\/v2\/product_cat?post=64561"},{"taxonomy":"product_tag","embeddable":true,"href":"https:\/\/abinox-chr-clim.com\/index.php\/wp-json\/wp\/v2\/product_tag?post=64561"}],"curies":[{"name":"wp","href":"https:\/\/api.w.org\/{rel}","templated":true}]}}