{"id":64560,"date":"2024-03-22T13:23:38","date_gmt":"2024-03-22T12:23:38","guid":{"rendered":"https:\/\/abinox-chr-clim.com\/index.php\/product\/mini-poele-ronde-en-fonte-olympia-115mm\/"},"modified":"2026-04-14T09:45:56","modified_gmt":"2026-04-14T07:45:56","slug":"mini-poele-ronde-en-fonte-olympia-115mm","status":"publish","type":"product","link":"https:\/\/abinox-chr-clim.com\/index.php\/product\/mini-poele-ronde-en-fonte-olympia-115mm\/","title":{"rendered":"Mini po\u00eale ronde en fonte Olympia 115mm"},"content":{"rendered":"<p>Le design unique et rustique ajoute une touche de style \u00e0 votre service de table. La conception en fonte offre une excellente durabilit\u00e9. Convient pour les plats allant du four \u00e0 la table. Antiadh\u00e9sif lorsqu&rsquo;il est assaisonn\u00e9 pour \u00e9viter les restes d&rsquo;aliments br\u00fbl\u00e9s. La poign\u00e9e ergonomique permet un transport facile et s\u00fbr. Les deux becs verseurs permettent au personnel d&rsquo;\u00e9liminer rapidement et en toute s\u00e9curit\u00e9 l&rsquo;exc\u00e8s d&rsquo;huile. Grande largeur (avec bec verseur) 115 mm. Diam\u00e8tre du rebord : 100 mm. Diam\u00e8tre de la base : 90 mm. Non adh\u00e9sive lorsqu&rsquo;elle est culott\u00e9e. Le design unique et rustique ajoute une touche de style \u00e0 votre service de table.<\/p>\n<p>Caract\u00e9ristiques :<br \/> Capacit\u00e9 : 150ml.<br \/> Dimensions : 26(H) x 160(L) x 115(\u00d8)mm.<br \/> Mati\u00e8re : Fonte<\/p>\n","protected":false},"excerpt":{"rendered":"<p>Mini po\u00eale ronde en fonte Olympia 115mm<\/p>\n","protected":false},"featured_media":101923,"comment_status":"closed","ping_status":"closed","template":"","meta":[],"product_brand":[],"product_cat":[1024,1023,1297,1029],"product_tag":[],"class_list":{"0":"post-64560","1":"product","2":"type-product","3":"status-publish","4":"has-post-thumbnail","6":"product_cat-accessoires-de-table","7":"product_cat-art-de-la-table","8":"product_cat-non-palettisable","9":"product_cat-presentation","10":"product_shipping_class-free-shipping","12":"first","13":"instock","14":"featured","15":"taxable","16":"shipping-taxable","17":"purchasable","18":"product-type-simple"},"_links":{"self":[{"href":"https:\/\/abinox-chr-clim.com\/index.php\/wp-json\/wp\/v2\/product\/64560","targetHints":{"allow":["GET"]}}],"collection":[{"href":"https:\/\/abinox-chr-clim.com\/index.php\/wp-json\/wp\/v2\/product"}],"about":[{"href":"https:\/\/abinox-chr-clim.com\/index.php\/wp-json\/wp\/v2\/types\/product"}],"replies":[{"embeddable":true,"href":"https:\/\/abinox-chr-clim.com\/index.php\/wp-json\/wp\/v2\/comments?post=64560"}],"wp:featuredmedia":[{"embeddable":true,"href":"https:\/\/abinox-chr-clim.com\/index.php\/wp-json\/wp\/v2\/media\/101923"}],"wp:attachment":[{"href":"https:\/\/abinox-chr-clim.com\/index.php\/wp-json\/wp\/v2\/media?parent=64560"}],"wp:term":[{"taxonomy":"product_brand","embeddable":true,"href":"https:\/\/abinox-chr-clim.com\/index.php\/wp-json\/wp\/v2\/product_brand?post=64560"},{"taxonomy":"product_cat","embeddable":true,"href":"https:\/\/abinox-chr-clim.com\/index.php\/wp-json\/wp\/v2\/product_cat?post=64560"},{"taxonomy":"product_tag","embeddable":true,"href":"https:\/\/abinox-chr-clim.com\/index.php\/wp-json\/wp\/v2\/product_tag?post=64560"}],"curies":[{"name":"wp","href":"https:\/\/api.w.org\/{rel}","templated":true}]}}