{"id":64559,"date":"2024-03-22T13:23:38","date_gmt":"2024-03-22T12:23:38","guid":{"rendered":"https:\/\/abinox-chr-clim.com\/index.php\/product\/support-en-bois-clair-pour-mini-cocotte-y259-et-mini-poele-gj553-olympia\/"},"modified":"2026-04-13T07:04:40","modified_gmt":"2026-04-13T05:04:40","slug":"support-en-bois-clair-pour-mini-cocotte-y259-et-mini-poele-gj553-olympia","status":"publish","type":"product","link":"https:\/\/abinox-chr-clim.com\/index.php\/product\/support-en-bois-clair-pour-mini-cocotte-y259-et-mini-poele-gj553-olympia\/","title":{"rendered":"Support en bois clair pour mini cocotte Y259 et mini po\u00eale GJ553 Olympia"},"content":{"rendered":"<p>La po\u00eale et le support sont vendus s\u00e9par\u00e9ment.<\/p>\n<p>Caract\u00e9ristiques :<br \/> Dimensions : 150x 20mm.<br \/> Mati\u00e8re : H\u00e9v\u00e9a.<br \/> Couleur : Bois clair.<\/p>\n","protected":false},"excerpt":{"rendered":"<p>Support en bois clair pour mini cocotte Y259 et mini po\u00eale GJ553 Olympia<\/p>\n","protected":false},"featured_media":101922,"comment_status":"closed","ping_status":"closed","template":"","meta":[],"product_brand":[],"product_cat":[1024,1023,1297,1029],"product_tag":[],"class_list":{"0":"post-64559","1":"product","2":"type-product","3":"status-publish","4":"has-post-thumbnail","6":"product_cat-accessoires-de-table","7":"product_cat-art-de-la-table","8":"product_cat-non-palettisable","9":"product_cat-presentation","10":"product_shipping_class-free-shipping","12":"first","13":"instock","14":"featured","15":"taxable","16":"shipping-taxable","17":"purchasable","18":"product-type-simple"},"_links":{"self":[{"href":"https:\/\/abinox-chr-clim.com\/index.php\/wp-json\/wp\/v2\/product\/64559","targetHints":{"allow":["GET"]}}],"collection":[{"href":"https:\/\/abinox-chr-clim.com\/index.php\/wp-json\/wp\/v2\/product"}],"about":[{"href":"https:\/\/abinox-chr-clim.com\/index.php\/wp-json\/wp\/v2\/types\/product"}],"replies":[{"embeddable":true,"href":"https:\/\/abinox-chr-clim.com\/index.php\/wp-json\/wp\/v2\/comments?post=64559"}],"wp:featuredmedia":[{"embeddable":true,"href":"https:\/\/abinox-chr-clim.com\/index.php\/wp-json\/wp\/v2\/media\/101922"}],"wp:attachment":[{"href":"https:\/\/abinox-chr-clim.com\/index.php\/wp-json\/wp\/v2\/media?parent=64559"}],"wp:term":[{"taxonomy":"product_brand","embeddable":true,"href":"https:\/\/abinox-chr-clim.com\/index.php\/wp-json\/wp\/v2\/product_brand?post=64559"},{"taxonomy":"product_cat","embeddable":true,"href":"https:\/\/abinox-chr-clim.com\/index.php\/wp-json\/wp\/v2\/product_cat?post=64559"},{"taxonomy":"product_tag","embeddable":true,"href":"https:\/\/abinox-chr-clim.com\/index.php\/wp-json\/wp\/v2\/product_tag?post=64559"}],"curies":[{"name":"wp","href":"https:\/\/api.w.org\/{rel}","templated":true}]}}