{"id":64539,"date":"2024-03-22T13:23:31","date_gmt":"2024-03-22T12:23:31","guid":{"rendered":"https:\/\/abinox-chr-clim.com\/index.php\/product\/plateau-a-pizza-en-ardoise-olympia-330mm\/"},"modified":"2026-04-14T08:58:49","modified_gmt":"2026-04-14T06:58:49","slug":"plateau-a-pizza-en-ardoise-olympia-330mm","status":"publish","type":"product","link":"https:\/\/abinox-chr-clim.com\/index.php\/product\/plateau-a-pizza-en-ardoise-olympia-330mm\/","title":{"rendered":"Plateau \u00e0 pizza en ardoise Olympia 330mm"},"content":{"rendered":"<p>Id\u00e9al pour pr\u00e9senter les pizzas. Ne pas passer au lave-vaisselle. Vendu \u00e0 l&rsquo;unit\u00e9. Id\u00e9al pour pr\u00e9senter les pizzas.<\/p>\n<p>Caract\u00e9ristiques :<br \/> Dimensions : 80(H) x 330(\u00d8) mm.<br \/> Mati\u00e8re : Ardoise<\/p>\n","protected":false},"excerpt":{"rendered":"<p>Plateau \u00e0 pizza en ardoise Olympia 330mm<\/p>\n","protected":false},"featured_media":101459,"comment_status":"closed","ping_status":"closed","template":"","meta":[],"product_brand":[],"product_cat":[1024,1023,1297,1029],"product_tag":[],"class_list":{"0":"post-64539","1":"product","2":"type-product","3":"status-publish","4":"has-post-thumbnail","6":"product_cat-accessoires-de-table","7":"product_cat-art-de-la-table","8":"product_cat-non-palettisable","9":"product_cat-presentation","10":"product_shipping_class-free-shipping","12":"first","13":"instock","14":"featured","15":"taxable","16":"shipping-taxable","17":"purchasable","18":"product-type-simple"},"_links":{"self":[{"href":"https:\/\/abinox-chr-clim.com\/index.php\/wp-json\/wp\/v2\/product\/64539","targetHints":{"allow":["GET"]}}],"collection":[{"href":"https:\/\/abinox-chr-clim.com\/index.php\/wp-json\/wp\/v2\/product"}],"about":[{"href":"https:\/\/abinox-chr-clim.com\/index.php\/wp-json\/wp\/v2\/types\/product"}],"replies":[{"embeddable":true,"href":"https:\/\/abinox-chr-clim.com\/index.php\/wp-json\/wp\/v2\/comments?post=64539"}],"wp:featuredmedia":[{"embeddable":true,"href":"https:\/\/abinox-chr-clim.com\/index.php\/wp-json\/wp\/v2\/media\/101459"}],"wp:attachment":[{"href":"https:\/\/abinox-chr-clim.com\/index.php\/wp-json\/wp\/v2\/media?parent=64539"}],"wp:term":[{"taxonomy":"product_brand","embeddable":true,"href":"https:\/\/abinox-chr-clim.com\/index.php\/wp-json\/wp\/v2\/product_brand?post=64539"},{"taxonomy":"product_cat","embeddable":true,"href":"https:\/\/abinox-chr-clim.com\/index.php\/wp-json\/wp\/v2\/product_cat?post=64539"},{"taxonomy":"product_tag","embeddable":true,"href":"https:\/\/abinox-chr-clim.com\/index.php\/wp-json\/wp\/v2\/product_tag?post=64539"}],"curies":[{"name":"wp","href":"https:\/\/api.w.org\/{rel}","templated":true}]}}