{"id":64537,"date":"2024-03-22T13:23:31","date_gmt":"2024-03-22T12:23:31","guid":{"rendered":"https:\/\/abinox-chr-clim.com\/index.php\/product\/mini-seau-avec-anse-olympia-130mm\/"},"modified":"2026-04-14T08:58:38","modified_gmt":"2026-04-14T06:58:38","slug":"mini-seau-avec-anse-olympia-130mm","status":"publish","type":"product","link":"https:\/\/abinox-chr-clim.com\/index.php\/product\/mini-seau-avec-anse-olympia-130mm\/","title":{"rendered":"Mini seau avec anse Olympia 130mm"},"content":{"rendered":"<p>Vaisselle contemporaine id\u00e9ale pour contenir les couverts et condiments ou servir les aliments frits. Doubler de papier ingraissable pour un style bistro-gastro.<br \/>Utiliser imp\u00e9rativement du papier sulfuris\u00e9 \u00e0 l&rsquo;int\u00e9rieur. Utiliser imp\u00e9rativement du papier sulfuris\u00e9 \u00e0 l&rsquo;int\u00e9rieur. .<br \/> Caract\u00e9ristiques :<br \/> Capacit\u00e9 : 1,175 L.<br \/> Dimensions : 130(H)x 130(\u00d8)mm.<br \/> Mati\u00e8re : Acier galvanis\u00e9.<br \/> Couleur : Argent.<\/p>\n","protected":false},"excerpt":{"rendered":"<p>Mini seau avec anse Olympia 130mm<\/p>\n","protected":false},"featured_media":101447,"comment_status":"closed","ping_status":"closed","template":"","meta":[],"product_brand":[],"product_cat":[1024,1023,1297,1029],"product_tag":[],"class_list":{"0":"post-64537","1":"product","2":"type-product","3":"status-publish","4":"has-post-thumbnail","6":"product_cat-accessoires-de-table","7":"product_cat-art-de-la-table","8":"product_cat-non-palettisable","9":"product_cat-presentation","10":"product_shipping_class-free-shipping","12":"first","13":"instock","14":"featured","15":"taxable","16":"shipping-taxable","17":"purchasable","18":"product-type-simple"},"_links":{"self":[{"href":"https:\/\/abinox-chr-clim.com\/index.php\/wp-json\/wp\/v2\/product\/64537","targetHints":{"allow":["GET"]}}],"collection":[{"href":"https:\/\/abinox-chr-clim.com\/index.php\/wp-json\/wp\/v2\/product"}],"about":[{"href":"https:\/\/abinox-chr-clim.com\/index.php\/wp-json\/wp\/v2\/types\/product"}],"replies":[{"embeddable":true,"href":"https:\/\/abinox-chr-clim.com\/index.php\/wp-json\/wp\/v2\/comments?post=64537"}],"wp:featuredmedia":[{"embeddable":true,"href":"https:\/\/abinox-chr-clim.com\/index.php\/wp-json\/wp\/v2\/media\/101447"}],"wp:attachment":[{"href":"https:\/\/abinox-chr-clim.com\/index.php\/wp-json\/wp\/v2\/media?parent=64537"}],"wp:term":[{"taxonomy":"product_brand","embeddable":true,"href":"https:\/\/abinox-chr-clim.com\/index.php\/wp-json\/wp\/v2\/product_brand?post=64537"},{"taxonomy":"product_cat","embeddable":true,"href":"https:\/\/abinox-chr-clim.com\/index.php\/wp-json\/wp\/v2\/product_cat?post=64537"},{"taxonomy":"product_tag","embeddable":true,"href":"https:\/\/abinox-chr-clim.com\/index.php\/wp-json\/wp\/v2\/product_tag?post=64537"}],"curies":[{"name":"wp","href":"https:\/\/api.w.org\/{rel}","templated":true}]}}