{"id":64534,"date":"2024-03-22T13:23:30","date_gmt":"2024-03-22T12:23:30","guid":{"rendered":"https:\/\/abinox-chr-clim.com\/index.php\/product\/grand-planche-de-presentation-en-bambou-olympia\/"},"modified":"2026-04-24T09:05:24","modified_gmt":"2026-04-24T07:05:24","slug":"grand-planche-de-presentation-en-bambou-olympia","status":"publish","type":"product","link":"https:\/\/abinox-chr-clim.com\/index.php\/product\/grand-planche-de-presentation-en-bambou-olympia\/","title":{"rendered":"Grand planche de pr\u00e9sentation en bambou Olympia"},"content":{"rendered":"<p>Rainure tout autour pr\u00e8s du bord. Bord avec rainure. Rainure tout autour pr\u00e8s du bord.<\/p>\n<p>Caract\u00e9ristiques :<br \/> Dimensions : 310(L)x 240(P)mm.<br \/> Mati\u00e8re : Bambou<\/p>\n","protected":false},"excerpt":{"rendered":"<p>Grand planche de pr\u00e9sentation en bambou Olympia<\/p>\n","protected":false},"featured_media":101438,"comment_status":"closed","ping_status":"closed","template":"","meta":[],"product_brand":[],"product_cat":[1024,1023,1297,1029],"product_tag":[],"class_list":{"0":"post-64534","1":"product","2":"type-product","3":"status-publish","4":"has-post-thumbnail","6":"product_cat-accessoires-de-table","7":"product_cat-art-de-la-table","8":"product_cat-non-palettisable","9":"product_cat-presentation","10":"product_shipping_class-free-shipping","12":"first","13":"instock","14":"featured","15":"taxable","16":"shipping-taxable","17":"purchasable","18":"product-type-simple"},"_links":{"self":[{"href":"https:\/\/abinox-chr-clim.com\/index.php\/wp-json\/wp\/v2\/product\/64534","targetHints":{"allow":["GET"]}}],"collection":[{"href":"https:\/\/abinox-chr-clim.com\/index.php\/wp-json\/wp\/v2\/product"}],"about":[{"href":"https:\/\/abinox-chr-clim.com\/index.php\/wp-json\/wp\/v2\/types\/product"}],"replies":[{"embeddable":true,"href":"https:\/\/abinox-chr-clim.com\/index.php\/wp-json\/wp\/v2\/comments?post=64534"}],"wp:featuredmedia":[{"embeddable":true,"href":"https:\/\/abinox-chr-clim.com\/index.php\/wp-json\/wp\/v2\/media\/101438"}],"wp:attachment":[{"href":"https:\/\/abinox-chr-clim.com\/index.php\/wp-json\/wp\/v2\/media?parent=64534"}],"wp:term":[{"taxonomy":"product_brand","embeddable":true,"href":"https:\/\/abinox-chr-clim.com\/index.php\/wp-json\/wp\/v2\/product_brand?post=64534"},{"taxonomy":"product_cat","embeddable":true,"href":"https:\/\/abinox-chr-clim.com\/index.php\/wp-json\/wp\/v2\/product_cat?post=64534"},{"taxonomy":"product_tag","embeddable":true,"href":"https:\/\/abinox-chr-clim.com\/index.php\/wp-json\/wp\/v2\/product_tag?post=64534"}],"curies":[{"name":"wp","href":"https:\/\/api.w.org\/{rel}","templated":true}]}}