{"id":64525,"date":"2024-03-22T13:23:28","date_gmt":"2024-03-22T12:23:28","guid":{"rendered":"https:\/\/abinox-chr-clim.com\/index.php\/product\/menagere-4-pieces-comas\/"},"modified":"2026-04-24T10:05:46","modified_gmt":"2026-04-24T08:05:46","slug":"menagere-4-pieces-comas","status":"publish","type":"product","link":"https:\/\/abinox-chr-clim.com\/index.php\/product\/menagere-4-pieces-comas\/","title":{"rendered":"M\u00e9nag\u00e8re 4 pi\u00e8ces Comas"},"content":{"rendered":"<p>M\u00e9nag\u00e8re 4 pi\u00e8ces, support en acier inoxydable avec base en plastique noir. Sali\u00e8re, poivri\u00e8re, huilier et vinaigrier en verre avec couvercles en acier inoxydable.<br \/>Comprenant sali\u00e8re, poivri\u00e8re, huilier et vinaigrier en verre. 4 pi\u00e8ces. Support inox avec base en plastique noir. Comprenant sali\u00e8re, poivri\u00e8re, huilier et vinaigrier en verre.<\/p>\n","protected":false},"excerpt":{"rendered":"<p>M\u00e9nag\u00e8re 4 pi\u00e8ces Comas<\/p>\n","protected":false},"featured_media":96398,"comment_status":"closed","ping_status":"closed","template":"","meta":[],"product_brand":[],"product_cat":[1024,1023,1297,1029],"product_tag":[],"class_list":{"0":"post-64525","1":"product","2":"type-product","3":"status-publish","4":"has-post-thumbnail","6":"product_cat-accessoires-de-table","7":"product_cat-art-de-la-table","8":"product_cat-non-palettisable","9":"product_cat-presentation","10":"product_shipping_class-free-shipping","12":"first","13":"outofstock","14":"featured","15":"taxable","16":"shipping-taxable","17":"purchasable","18":"product-type-simple"},"_links":{"self":[{"href":"https:\/\/abinox-chr-clim.com\/index.php\/wp-json\/wp\/v2\/product\/64525","targetHints":{"allow":["GET"]}}],"collection":[{"href":"https:\/\/abinox-chr-clim.com\/index.php\/wp-json\/wp\/v2\/product"}],"about":[{"href":"https:\/\/abinox-chr-clim.com\/index.php\/wp-json\/wp\/v2\/types\/product"}],"replies":[{"embeddable":true,"href":"https:\/\/abinox-chr-clim.com\/index.php\/wp-json\/wp\/v2\/comments?post=64525"}],"wp:featuredmedia":[{"embeddable":true,"href":"https:\/\/abinox-chr-clim.com\/index.php\/wp-json\/wp\/v2\/media\/96398"}],"wp:attachment":[{"href":"https:\/\/abinox-chr-clim.com\/index.php\/wp-json\/wp\/v2\/media?parent=64525"}],"wp:term":[{"taxonomy":"product_brand","embeddable":true,"href":"https:\/\/abinox-chr-clim.com\/index.php\/wp-json\/wp\/v2\/product_brand?post=64525"},{"taxonomy":"product_cat","embeddable":true,"href":"https:\/\/abinox-chr-clim.com\/index.php\/wp-json\/wp\/v2\/product_cat?post=64525"},{"taxonomy":"product_tag","embeddable":true,"href":"https:\/\/abinox-chr-clim.com\/index.php\/wp-json\/wp\/v2\/product_tag?post=64525"}],"curies":[{"name":"wp","href":"https:\/\/api.w.org\/{rel}","templated":true}]}}