{"id":64521,"date":"2024-03-22T13:23:28","date_gmt":"2024-03-22T12:23:28","guid":{"rendered":"https:\/\/abinox-chr-clim.com\/index.php\/product\/grande-planche-a-steak-en-bois-dacacia-olympia\/"},"modified":"2026-04-14T08:50:42","modified_gmt":"2026-04-14T06:50:42","slug":"grande-planche-a-steak-en-bois-dacacia-olympia","status":"publish","type":"product","link":"https:\/\/abinox-chr-clim.com\/index.php\/product\/grande-planche-a-steak-en-bois-dacacia-olympia\/","title":{"rendered":"Grande planche \u00e0 steak en bois d&rsquo;acacia Olympia"},"content":{"rendered":"<p>Style contemporain gastro-pub. Petite : 260(L)x190(P)mm. Grande : 310(L) x 240(P)mm. Avec ou sans renfoncement (ramequins vendus s\u00e9par\u00e9ment).<br \/>Plus de 30 cm de large pour un grand espace. Finition bois pour un look rustique. Nettoyer avec un chiffon humide. Ne pas immerger dans l&rsquo;eau. Lavage \u00e0 la main uniquement. La cavit\u00e9 ronde permet d&rsquo;accueillir un ramequin. La bordure rainur\u00e9e emp\u00eache les sauces de couler sur le bord. Deux petites d\u00e9coupes permettent de le soulever facilement d&rsquo;une surface plane.Plus de 30 cm de large pour un grand espace.<\/p>\n<p>Caract\u00e9ristiques :<br \/> Dimensions : 25(H) x 310(L) x 240(P)mm.<br \/> Mati\u00e8re : Bois<\/p>\n","protected":false},"excerpt":{"rendered":"<p>Grande planche \u00e0 steak en bois d&rsquo;acacia Olympia<\/p>\n","protected":false},"featured_media":91765,"comment_status":"closed","ping_status":"closed","template":"","meta":[],"product_brand":[],"product_cat":[1024,1023,1297,1029],"product_tag":[],"class_list":{"0":"post-64521","1":"product","2":"type-product","3":"status-publish","4":"has-post-thumbnail","6":"product_cat-accessoires-de-table","7":"product_cat-art-de-la-table","8":"product_cat-non-palettisable","9":"product_cat-presentation","10":"product_shipping_class-free-shipping","12":"first","13":"instock","14":"featured","15":"taxable","16":"shipping-taxable","17":"purchasable","18":"product-type-simple"},"_links":{"self":[{"href":"https:\/\/abinox-chr-clim.com\/index.php\/wp-json\/wp\/v2\/product\/64521","targetHints":{"allow":["GET"]}}],"collection":[{"href":"https:\/\/abinox-chr-clim.com\/index.php\/wp-json\/wp\/v2\/product"}],"about":[{"href":"https:\/\/abinox-chr-clim.com\/index.php\/wp-json\/wp\/v2\/types\/product"}],"replies":[{"embeddable":true,"href":"https:\/\/abinox-chr-clim.com\/index.php\/wp-json\/wp\/v2\/comments?post=64521"}],"wp:featuredmedia":[{"embeddable":true,"href":"https:\/\/abinox-chr-clim.com\/index.php\/wp-json\/wp\/v2\/media\/91765"}],"wp:attachment":[{"href":"https:\/\/abinox-chr-clim.com\/index.php\/wp-json\/wp\/v2\/media?parent=64521"}],"wp:term":[{"taxonomy":"product_brand","embeddable":true,"href":"https:\/\/abinox-chr-clim.com\/index.php\/wp-json\/wp\/v2\/product_brand?post=64521"},{"taxonomy":"product_cat","embeddable":true,"href":"https:\/\/abinox-chr-clim.com\/index.php\/wp-json\/wp\/v2\/product_cat?post=64521"},{"taxonomy":"product_tag","embeddable":true,"href":"https:\/\/abinox-chr-clim.com\/index.php\/wp-json\/wp\/v2\/product_tag?post=64521"}],"curies":[{"name":"wp","href":"https:\/\/api.w.org\/{rel}","templated":true}]}}