{"id":64519,"date":"2024-03-22T13:23:27","date_gmt":"2024-03-22T12:23:27","guid":{"rendered":"https:\/\/abinox-chr-clim.com\/index.php\/product\/mini-bassine-ronde-en-acier-olympia-150mm\/"},"modified":"2026-01-12T07:36:16","modified_gmt":"2026-01-12T06:36:16","slug":"mini-bassine-ronde-en-acier-olympia-150mm","status":"publish","type":"product","link":"https:\/\/abinox-chr-clim.com\/index.php\/product\/mini-bassine-ronde-en-acier-olympia-150mm\/","title":{"rendered":"Mini bassine ronde en acier Olympia 150mm"},"content":{"rendered":"<p>Vaisselle contemporaine id\u00e9ale pour servir les aliments frits. Doubler de papier ingraissable pour un style bistro-gastro.<br \/>Utiliser le papier sulfuris\u00e9 DM177. Style r\u00e9tro, vintage. Facile \u00e0 nettoyer. Avec poign\u00e9es &#8211; Largeur avec poign\u00e9es 205 mm. Durable.  Utiliser le papier sulfuris\u00e9 DM177.<\/p>\n<p>Caract\u00e9ristiques :<br \/> Capacit\u00e9 : 97,5 cl.<br \/> Dimensions : 70(H) x 150(\u00d8)mm.<br \/> Mati\u00e8re : Acier galvanis\u00e9.<br \/> Couleur : Acier.<\/p>\n","protected":false},"excerpt":{"rendered":"<p>Mini bassine ronde en acier Olympia 150mm<\/p>\n","protected":false},"featured_media":92615,"comment_status":"closed","ping_status":"closed","template":"","meta":[],"product_brand":[],"product_cat":[1024,1023,1297,1029],"product_tag":[],"class_list":{"0":"post-64519","1":"product","2":"type-product","3":"status-publish","4":"has-post-thumbnail","6":"product_cat-accessoires-de-table","7":"product_cat-art-de-la-table","8":"product_cat-non-palettisable","9":"product_cat-presentation","10":"product_shipping_class-free-shipping","12":"first","13":"outofstock","14":"featured","15":"taxable","16":"shipping-taxable","17":"purchasable","18":"product-type-simple"},"_links":{"self":[{"href":"https:\/\/abinox-chr-clim.com\/index.php\/wp-json\/wp\/v2\/product\/64519","targetHints":{"allow":["GET"]}}],"collection":[{"href":"https:\/\/abinox-chr-clim.com\/index.php\/wp-json\/wp\/v2\/product"}],"about":[{"href":"https:\/\/abinox-chr-clim.com\/index.php\/wp-json\/wp\/v2\/types\/product"}],"replies":[{"embeddable":true,"href":"https:\/\/abinox-chr-clim.com\/index.php\/wp-json\/wp\/v2\/comments?post=64519"}],"wp:featuredmedia":[{"embeddable":true,"href":"https:\/\/abinox-chr-clim.com\/index.php\/wp-json\/wp\/v2\/media\/92615"}],"wp:attachment":[{"href":"https:\/\/abinox-chr-clim.com\/index.php\/wp-json\/wp\/v2\/media?parent=64519"}],"wp:term":[{"taxonomy":"product_brand","embeddable":true,"href":"https:\/\/abinox-chr-clim.com\/index.php\/wp-json\/wp\/v2\/product_brand?post=64519"},{"taxonomy":"product_cat","embeddable":true,"href":"https:\/\/abinox-chr-clim.com\/index.php\/wp-json\/wp\/v2\/product_cat?post=64519"},{"taxonomy":"product_tag","embeddable":true,"href":"https:\/\/abinox-chr-clim.com\/index.php\/wp-json\/wp\/v2\/product_tag?post=64519"}],"curies":[{"name":"wp","href":"https:\/\/api.w.org\/{rel}","templated":true}]}}