{"id":64518,"date":"2024-03-22T13:23:27","date_gmt":"2024-03-22T12:23:27","guid":{"rendered":"https:\/\/abinox-chr-clim.com\/index.php\/product\/pot-a-frites-en-acier-inoxydable-olympia\/"},"modified":"2026-04-24T08:56:04","modified_gmt":"2026-04-24T06:56:04","slug":"pot-a-frites-en-acier-inoxydable-olympia","status":"publish","type":"product","link":"https:\/\/abinox-chr-clim.com\/index.php\/product\/pot-a-frites-en-acier-inoxydable-olympia\/","title":{"rendered":"Pot \u00e0 frites en acier inoxydable Olympia"},"content":{"rendered":"<p>R\u00e9cipient en acier inoxydable pour contenir des aliments frits.<br \/>L&rsquo;acier inoxydable va au lave-vaisselle. Le design chrom\u00e9 \u00e0 fossettes offre une pr\u00e9sentation \u00e9l\u00e9gante. Permet de contr\u00f4ler les portions, chaque client recevant la m\u00eame quantit\u00e9 de frites. Mat\u00e9riau durable pour \u00e9viter les dommages. L&rsquo;acier inoxydable va au lave-vaisselle.<\/p>\n<p>Caract\u00e9ristiques :<br \/> Dimensions : 85(H)mm.<br \/> Mati\u00e8re : Acier inoxydable.<\/p>\n","protected":false},"excerpt":{"rendered":"<p>Pot \u00e0 frites en acier inoxydable Olympia<\/p>\n","protected":false},"featured_media":92621,"comment_status":"closed","ping_status":"closed","template":"","meta":[],"product_brand":[],"product_cat":[1024,1023,1297,1029],"product_tag":[],"class_list":{"0":"post-64518","1":"product","2":"type-product","3":"status-publish","4":"has-post-thumbnail","6":"product_cat-accessoires-de-table","7":"product_cat-art-de-la-table","8":"product_cat-non-palettisable","9":"product_cat-presentation","10":"product_shipping_class-free-shipping","12":"first","13":"outofstock","14":"featured","15":"taxable","16":"shipping-taxable","17":"purchasable","18":"product-type-simple"},"_links":{"self":[{"href":"https:\/\/abinox-chr-clim.com\/index.php\/wp-json\/wp\/v2\/product\/64518","targetHints":{"allow":["GET"]}}],"collection":[{"href":"https:\/\/abinox-chr-clim.com\/index.php\/wp-json\/wp\/v2\/product"}],"about":[{"href":"https:\/\/abinox-chr-clim.com\/index.php\/wp-json\/wp\/v2\/types\/product"}],"replies":[{"embeddable":true,"href":"https:\/\/abinox-chr-clim.com\/index.php\/wp-json\/wp\/v2\/comments?post=64518"}],"wp:featuredmedia":[{"embeddable":true,"href":"https:\/\/abinox-chr-clim.com\/index.php\/wp-json\/wp\/v2\/media\/92621"}],"wp:attachment":[{"href":"https:\/\/abinox-chr-clim.com\/index.php\/wp-json\/wp\/v2\/media?parent=64518"}],"wp:term":[{"taxonomy":"product_brand","embeddable":true,"href":"https:\/\/abinox-chr-clim.com\/index.php\/wp-json\/wp\/v2\/product_brand?post=64518"},{"taxonomy":"product_cat","embeddable":true,"href":"https:\/\/abinox-chr-clim.com\/index.php\/wp-json\/wp\/v2\/product_cat?post=64518"},{"taxonomy":"product_tag","embeddable":true,"href":"https:\/\/abinox-chr-clim.com\/index.php\/wp-json\/wp\/v2\/product_tag?post=64518"}],"curies":[{"name":"wp","href":"https:\/\/api.w.org\/{rel}","templated":true}]}}