{"id":64514,"date":"2024-03-22T13:23:26","date_gmt":"2024-03-22T12:23:26","guid":{"rendered":"https:\/\/abinox-chr-clim.com\/index.php\/product\/rangement-de-table-acacia-aps-100-x-230mm\/"},"modified":"2026-04-14T10:19:51","modified_gmt":"2026-04-14T08:19:51","slug":"rangement-de-table-acacia-aps-100-x-230mm","status":"publish","type":"product","link":"https:\/\/abinox-chr-clim.com\/index.php\/product\/rangement-de-table-acacia-aps-100-x-230mm\/","title":{"rendered":"Rangement de table acacia APS 100 x 230mm"},"content":{"rendered":"<p>Le bois d&rsquo;acacia offre un aspect unique et rustique. La conception profonde permet de stocker les condiments en toute s\u00e9curit\u00e9. La conception sobre permet un nettoyage facile. La construction en acacia assure une excellente durabilit\u00e9. Peut \u00eatre empil\u00e9 pour le rangement. La bo\u00eete de rangement ne va pas au lave-vaisselle.  Le bois d&rsquo;acacia offre un aspect unique et rustique.<\/p>\n<p>Caract\u00e9ristiques :<br \/> Dimensions : 100(H) x 230(l) x 100(P) mm.<\/p>\n","protected":false},"excerpt":{"rendered":"<p>Rangement de table acacia APS 100 x 230mm<\/p>\n","protected":false},"featured_media":90137,"comment_status":"closed","ping_status":"closed","template":"","meta":[],"product_brand":[],"product_cat":[1024,1023,1297,1029],"product_tag":[],"class_list":{"0":"post-64514","1":"product","2":"type-product","3":"status-publish","4":"has-post-thumbnail","6":"product_cat-accessoires-de-table","7":"product_cat-art-de-la-table","8":"product_cat-non-palettisable","9":"product_cat-presentation","10":"product_shipping_class-free-shipping","12":"first","13":"instock","14":"featured","15":"taxable","16":"shipping-taxable","17":"purchasable","18":"product-type-simple"},"_links":{"self":[{"href":"https:\/\/abinox-chr-clim.com\/index.php\/wp-json\/wp\/v2\/product\/64514","targetHints":{"allow":["GET"]}}],"collection":[{"href":"https:\/\/abinox-chr-clim.com\/index.php\/wp-json\/wp\/v2\/product"}],"about":[{"href":"https:\/\/abinox-chr-clim.com\/index.php\/wp-json\/wp\/v2\/types\/product"}],"replies":[{"embeddable":true,"href":"https:\/\/abinox-chr-clim.com\/index.php\/wp-json\/wp\/v2\/comments?post=64514"}],"wp:featuredmedia":[{"embeddable":true,"href":"https:\/\/abinox-chr-clim.com\/index.php\/wp-json\/wp\/v2\/media\/90137"}],"wp:attachment":[{"href":"https:\/\/abinox-chr-clim.com\/index.php\/wp-json\/wp\/v2\/media?parent=64514"}],"wp:term":[{"taxonomy":"product_brand","embeddable":true,"href":"https:\/\/abinox-chr-clim.com\/index.php\/wp-json\/wp\/v2\/product_brand?post=64514"},{"taxonomy":"product_cat","embeddable":true,"href":"https:\/\/abinox-chr-clim.com\/index.php\/wp-json\/wp\/v2\/product_cat?post=64514"},{"taxonomy":"product_tag","embeddable":true,"href":"https:\/\/abinox-chr-clim.com\/index.php\/wp-json\/wp\/v2\/product_tag?post=64514"}],"curies":[{"name":"wp","href":"https:\/\/api.w.org\/{rel}","templated":true}]}}