{"id":64512,"date":"2024-03-22T13:23:25","date_gmt":"2024-03-22T12:23:25","guid":{"rendered":"https:\/\/abinox-chr-clim.com\/index.php\/product\/petit-planche-a-steak-en-bois-dacacia-massif-olympia\/"},"modified":"2026-04-14T08:45:40","modified_gmt":"2026-04-14T06:45:40","slug":"petit-planche-a-steak-en-bois-dacacia-massif-olympia","status":"publish","type":"product","link":"https:\/\/abinox-chr-clim.com\/index.php\/product\/petit-planche-a-steak-en-bois-dacacia-massif-olympia\/","title":{"rendered":"Petit planche \u00e0 steak en bois d&rsquo;acacia massif Olympia"},"content":{"rendered":"<p>Planche \u00e0 d\u00e9couper en acacia, convient parfaitement \u00e0 la pr\u00e9paration d&rsquo;aliments.<br \/>Bois d&rsquo;acacia fonc\u00e9.L&rsquo;alliance du design et de la qualit\u00e9.R\u00e9versible et facile \u00e0 nettoyer.Tout usage. .Bois d&rsquo;acacia fonc\u00e9. .<br \/> Caract\u00e9ristiques :<br \/> Dimensions : 25(H) x 260(L) x 190(P)mm.<br \/> Mati\u00e8re : Bois<\/p>\n","protected":false},"excerpt":{"rendered":"<p>Petit planche \u00e0 steak en bois d&rsquo;acacia massif Olympia<\/p>\n","protected":false},"featured_media":90245,"comment_status":"closed","ping_status":"closed","template":"","meta":[],"product_brand":[],"product_cat":[1024,1023,1297,1029],"product_tag":[],"class_list":{"0":"post-64512","1":"product","2":"type-product","3":"status-publish","4":"has-post-thumbnail","6":"product_cat-accessoires-de-table","7":"product_cat-art-de-la-table","8":"product_cat-non-palettisable","9":"product_cat-presentation","10":"product_shipping_class-free-shipping","12":"first","13":"instock","14":"featured","15":"taxable","16":"shipping-taxable","17":"purchasable","18":"product-type-simple"},"_links":{"self":[{"href":"https:\/\/abinox-chr-clim.com\/index.php\/wp-json\/wp\/v2\/product\/64512","targetHints":{"allow":["GET"]}}],"collection":[{"href":"https:\/\/abinox-chr-clim.com\/index.php\/wp-json\/wp\/v2\/product"}],"about":[{"href":"https:\/\/abinox-chr-clim.com\/index.php\/wp-json\/wp\/v2\/types\/product"}],"replies":[{"embeddable":true,"href":"https:\/\/abinox-chr-clim.com\/index.php\/wp-json\/wp\/v2\/comments?post=64512"}],"wp:featuredmedia":[{"embeddable":true,"href":"https:\/\/abinox-chr-clim.com\/index.php\/wp-json\/wp\/v2\/media\/90245"}],"wp:attachment":[{"href":"https:\/\/abinox-chr-clim.com\/index.php\/wp-json\/wp\/v2\/media?parent=64512"}],"wp:term":[{"taxonomy":"product_brand","embeddable":true,"href":"https:\/\/abinox-chr-clim.com\/index.php\/wp-json\/wp\/v2\/product_brand?post=64512"},{"taxonomy":"product_cat","embeddable":true,"href":"https:\/\/abinox-chr-clim.com\/index.php\/wp-json\/wp\/v2\/product_cat?post=64512"},{"taxonomy":"product_tag","embeddable":true,"href":"https:\/\/abinox-chr-clim.com\/index.php\/wp-json\/wp\/v2\/product_tag?post=64512"}],"curies":[{"name":"wp","href":"https:\/\/api.w.org\/{rel}","templated":true}]}}