{"id":64510,"date":"2024-03-22T13:23:24","date_gmt":"2024-03-22T12:23:24","guid":{"rendered":"https:\/\/abinox-chr-clim.com\/index.php\/product\/cloche-a-gateau-en-verre-olympia\/"},"modified":"2026-04-14T10:12:48","modified_gmt":"2026-04-14T08:12:48","slug":"cloche-a-gateau-en-verre-olympia","status":"publish","type":"product","link":"https:\/\/abinox-chr-clim.com\/index.php\/product\/cloche-a-gateau-en-verre-olympia\/","title":{"rendered":"Cloche \u00e0 g\u00e2teau en verre Olympia"},"content":{"rendered":"<p>Support en verre sur\u00e9lev\u00e9 de style traditionnel pour une pr\u00e9sentation \u00e9l\u00e9gante des g\u00e2teaux. Cloche en verre vendue s\u00e9par\u00e9ment.<br \/>La transparence permet de voir clairement vos g\u00e2teaux. Le design classique ajoute une touche de style \u00e0 vos pr\u00e9sentations de g\u00e2teaux. Pr\u00e9sente vos g\u00e2teaux avec style. Offre un angle de vue de 360\u00b0 lorsqu&rsquo;il est utilis\u00e9 avec le pr\u00e9sentoir \u00e0 g\u00e2teau en verre Olympia (CS013). Gr\u00e2ce \u00e0 sa grande taille, la cloche est id\u00e9al pour servir des g\u00e2teaux faits maison ou p\u00e2tisseries. Emp\u00eache vos g\u00e2teaux d&rsquo;\u00eatre expos\u00e9s \u00e0 l&rsquo;air, ce qui permet de les garder frais plus longtemps. La cloche est facile et rapide \u00e0 nettoyer gr\u00e2ce \u00e0 sa conception compatible avec le lave-vaisselle. Pr\u00e9sentoir \u00e0 g\u00e2teau vendu s\u00e9par\u00e9ment.La transparence permet de voir clairement vos g\u00e2teaux.<\/p>\n<p>Caract\u00e9ristiques :<br \/> Dimensions : 200(H) x 285(\u00d8) mm.<br \/> Mati\u00e8re : Verre.<br \/> Couleur : Transparent.<\/p>\n","protected":false},"excerpt":{"rendered":"<p>Cloche \u00e0 g\u00e2teau en verre Olympia<\/p>\n","protected":false},"featured_media":85758,"comment_status":"closed","ping_status":"closed","template":"","meta":[],"product_brand":[],"product_cat":[1024,1023,1297,1029],"product_tag":[],"class_list":{"0":"post-64510","1":"product","2":"type-product","3":"status-publish","4":"has-post-thumbnail","6":"product_cat-accessoires-de-table","7":"product_cat-art-de-la-table","8":"product_cat-non-palettisable","9":"product_cat-presentation","10":"product_shipping_class-free-shipping","12":"first","13":"instock","14":"featured","15":"taxable","16":"shipping-taxable","17":"purchasable","18":"product-type-simple"},"_links":{"self":[{"href":"https:\/\/abinox-chr-clim.com\/index.php\/wp-json\/wp\/v2\/product\/64510","targetHints":{"allow":["GET"]}}],"collection":[{"href":"https:\/\/abinox-chr-clim.com\/index.php\/wp-json\/wp\/v2\/product"}],"about":[{"href":"https:\/\/abinox-chr-clim.com\/index.php\/wp-json\/wp\/v2\/types\/product"}],"replies":[{"embeddable":true,"href":"https:\/\/abinox-chr-clim.com\/index.php\/wp-json\/wp\/v2\/comments?post=64510"}],"wp:featuredmedia":[{"embeddable":true,"href":"https:\/\/abinox-chr-clim.com\/index.php\/wp-json\/wp\/v2\/media\/85758"}],"wp:attachment":[{"href":"https:\/\/abinox-chr-clim.com\/index.php\/wp-json\/wp\/v2\/media?parent=64510"}],"wp:term":[{"taxonomy":"product_brand","embeddable":true,"href":"https:\/\/abinox-chr-clim.com\/index.php\/wp-json\/wp\/v2\/product_brand?post=64510"},{"taxonomy":"product_cat","embeddable":true,"href":"https:\/\/abinox-chr-clim.com\/index.php\/wp-json\/wp\/v2\/product_cat?post=64510"},{"taxonomy":"product_tag","embeddable":true,"href":"https:\/\/abinox-chr-clim.com\/index.php\/wp-json\/wp\/v2\/product_tag?post=64510"}],"curies":[{"name":"wp","href":"https:\/\/api.w.org\/{rel}","templated":true}]}}