{"id":64509,"date":"2024-03-22T13:23:23","date_gmt":"2024-03-22T12:23:23","guid":{"rendered":"https:\/\/abinox-chr-clim.com\/index.php\/product\/presentoir-a-gateau-en-verre-olympia\/"},"modified":"2026-04-14T10:12:47","modified_gmt":"2026-04-14T08:12:47","slug":"presentoir-a-gateau-en-verre-olympia","status":"publish","type":"product","link":"https:\/\/abinox-chr-clim.com\/index.php\/product\/presentoir-a-gateau-en-verre-olympia\/","title":{"rendered":"Pr\u00e9sentoir \u00e0 g\u00e2teau en verre Olympia"},"content":{"rendered":"<p>Support en verre sur\u00e9lev\u00e9 de style traditionnel pour une pr\u00e9sentation \u00e9l\u00e9gante des g\u00e2teaux. Cloche en verre vendue s\u00e9par\u00e9ment.<br \/>Le design classique ajoute une touche \u00e9l\u00e9gante \u00e0 vos pr\u00e9sentoirs \u00e0 g\u00e2teaux. Pr\u00e9sente votre confiserie avec style. Offre un angle de vision de 360\u00b0 lorsqu&rsquo;il est utilis\u00e9 avec la cloche \u00e0 g\u00e2teau en verre Olympia (CS014). Base robuste pour garder vos friandises sucr\u00e9es en s\u00e9curit\u00e9. Le design spacieux rend la base id\u00e9ale pour tout servir, des grands g\u00e2teaux faits maison aux scones fra\u00eechement sortis du four.La conception adapt\u00e9e au lave-verre rend le pr\u00e9sentoir rapide et facile \u00e0 nettoyer. Cloche vendue s\u00e9par\u00e9ment.Le design classique ajoute une touche \u00e9l\u00e9gante \u00e0 vos pr\u00e9sentoirs \u00e0 g\u00e2teaux.<\/p>\n<p>Caract\u00e9ristiques :<br \/> Dimensions : 95(H) x 300(\u00d8) mm.<br \/> Mati\u00e8re : Verre.<br \/> Couleur : Transparent.<\/p>\n","protected":false},"excerpt":{"rendered":"<p>Pr\u00e9sentoir \u00e0 g\u00e2teau en verre Olympia<\/p>\n","protected":false},"featured_media":85750,"comment_status":"closed","ping_status":"closed","template":"","meta":[],"product_brand":[],"product_cat":[1024,1023,1297,1029],"product_tag":[],"class_list":{"0":"post-64509","1":"product","2":"type-product","3":"status-publish","4":"has-post-thumbnail","6":"product_cat-accessoires-de-table","7":"product_cat-art-de-la-table","8":"product_cat-non-palettisable","9":"product_cat-presentation","10":"product_shipping_class-free-shipping","12":"first","13":"instock","14":"featured","15":"taxable","16":"shipping-taxable","17":"purchasable","18":"product-type-simple"},"_links":{"self":[{"href":"https:\/\/abinox-chr-clim.com\/index.php\/wp-json\/wp\/v2\/product\/64509","targetHints":{"allow":["GET"]}}],"collection":[{"href":"https:\/\/abinox-chr-clim.com\/index.php\/wp-json\/wp\/v2\/product"}],"about":[{"href":"https:\/\/abinox-chr-clim.com\/index.php\/wp-json\/wp\/v2\/types\/product"}],"replies":[{"embeddable":true,"href":"https:\/\/abinox-chr-clim.com\/index.php\/wp-json\/wp\/v2\/comments?post=64509"}],"wp:featuredmedia":[{"embeddable":true,"href":"https:\/\/abinox-chr-clim.com\/index.php\/wp-json\/wp\/v2\/media\/85750"}],"wp:attachment":[{"href":"https:\/\/abinox-chr-clim.com\/index.php\/wp-json\/wp\/v2\/media?parent=64509"}],"wp:term":[{"taxonomy":"product_brand","embeddable":true,"href":"https:\/\/abinox-chr-clim.com\/index.php\/wp-json\/wp\/v2\/product_brand?post=64509"},{"taxonomy":"product_cat","embeddable":true,"href":"https:\/\/abinox-chr-clim.com\/index.php\/wp-json\/wp\/v2\/product_cat?post=64509"},{"taxonomy":"product_tag","embeddable":true,"href":"https:\/\/abinox-chr-clim.com\/index.php\/wp-json\/wp\/v2\/product_tag?post=64509"}],"curies":[{"name":"wp","href":"https:\/\/api.w.org\/{rel}","templated":true}]}}