{"id":64508,"date":"2024-03-22T13:23:23","date_gmt":"2024-03-22T12:23:23","guid":{"rendered":"https:\/\/abinox-chr-clim.com\/index.php\/product\/lot-de-3-distributeurs-de-sauce-araven-gn-1-9-transparents-15l\/"},"modified":"2026-04-14T09:50:55","modified_gmt":"2026-04-14T07:50:55","slug":"lot-de-3-distributeurs-de-sauce-araven-gn-1-9-transparents-15l","status":"publish","type":"product","link":"https:\/\/abinox-chr-clim.com\/index.php\/product\/lot-de-3-distributeurs-de-sauce-araven-gn-1-9-transparents-15l\/","title":{"rendered":"Lot de 3 distributeurs de sauce Araven GN 1\/9 transparents 1,5L"},"content":{"rendered":"<p>Distributeurs de sauces, assaisonnements l\u00e9gers et sirops, hygi\u00e9niques, faciles et rapides \u00e0 utiliser. La vanne de fermeture r\u00e9duit le niveau de pertes, permet une meilleure conservation du produit. Transparents pour une identification facile de la sauce et du niveau. Les lots de 2 et de 3 sont fournis avec un support acrylique.<br \/>Compatible lave-vaisselle. Vanne de fermeture. Facile \u00e0 nettoyer. Dimensions GN. Niveau du contenu facile \u00e0 voir. Respect de la r\u00e9glementation de l&rsquo;UE. Pompe \u00e0 sauce verticale. R\u00e9duit le niveau de perte. Livr\u00e9 avec support. 1,5 L \u00e0 ras bord, marqu\u00e9 \u00e0 1,25 L. Compatible lave-vaisselle.<\/p>\n<p>Caract\u00e9ristiques :<br \/>Lot : 3.<br \/> Capacit\u00e9 : 1,5 L.<br \/> Dimensions : 195(H) x 380(L) x 225(P) mm.<br \/> Mati\u00e8re : Polypropyl\u00e8ne.<br \/> Couleur : Transparent.<br \/> Bac GN : GN 1\/9XY.<\/p>\n","protected":false},"excerpt":{"rendered":"<p>Lot de 3 distributeurs de sauce Araven GN 1\/9 transparents 1,5L<\/p>\n","protected":false},"featured_media":85648,"comment_status":"closed","ping_status":"closed","template":"","meta":[],"product_brand":[],"product_cat":[1024,1023,1297,1029],"product_tag":[],"class_list":{"0":"post-64508","1":"product","2":"type-product","3":"status-publish","4":"has-post-thumbnail","6":"product_cat-accessoires-de-table","7":"product_cat-art-de-la-table","8":"product_cat-non-palettisable","9":"product_cat-presentation","10":"product_shipping_class-free-shipping","12":"first","13":"instock","14":"featured","15":"taxable","16":"shipping-taxable","17":"purchasable","18":"product-type-simple"},"_links":{"self":[{"href":"https:\/\/abinox-chr-clim.com\/index.php\/wp-json\/wp\/v2\/product\/64508","targetHints":{"allow":["GET"]}}],"collection":[{"href":"https:\/\/abinox-chr-clim.com\/index.php\/wp-json\/wp\/v2\/product"}],"about":[{"href":"https:\/\/abinox-chr-clim.com\/index.php\/wp-json\/wp\/v2\/types\/product"}],"replies":[{"embeddable":true,"href":"https:\/\/abinox-chr-clim.com\/index.php\/wp-json\/wp\/v2\/comments?post=64508"}],"wp:featuredmedia":[{"embeddable":true,"href":"https:\/\/abinox-chr-clim.com\/index.php\/wp-json\/wp\/v2\/media\/85648"}],"wp:attachment":[{"href":"https:\/\/abinox-chr-clim.com\/index.php\/wp-json\/wp\/v2\/media?parent=64508"}],"wp:term":[{"taxonomy":"product_brand","embeddable":true,"href":"https:\/\/abinox-chr-clim.com\/index.php\/wp-json\/wp\/v2\/product_brand?post=64508"},{"taxonomy":"product_cat","embeddable":true,"href":"https:\/\/abinox-chr-clim.com\/index.php\/wp-json\/wp\/v2\/product_cat?post=64508"},{"taxonomy":"product_tag","embeddable":true,"href":"https:\/\/abinox-chr-clim.com\/index.php\/wp-json\/wp\/v2\/product_tag?post=64508"}],"curies":[{"name":"wp","href":"https:\/\/api.w.org\/{rel}","templated":true}]}}