{"id":64507,"date":"2024-03-22T13:23:23","date_gmt":"2024-03-22T12:23:23","guid":{"rendered":"https:\/\/abinox-chr-clim.com\/index.php\/product\/lot-de-2-distributeurs-de-sauce-araven-gn-1-6-transparents-2-6l\/"},"modified":"2026-02-18T09:35:23","modified_gmt":"2026-02-18T08:35:23","slug":"lot-de-2-distributeurs-de-sauce-araven-gn-1-6-transparents-2-6l","status":"publish","type":"product","link":"https:\/\/abinox-chr-clim.com\/index.php\/product\/lot-de-2-distributeurs-de-sauce-araven-gn-1-6-transparents-2-6l\/","title":{"rendered":"Lot de 2 distributeurs de sauce Araven GN 1\/6 transparents 2.6L"},"content":{"rendered":"<p>Distributeurs de sauces, assaisonnements l\u00e9gers et sirops, hygi\u00e9niques, faciles et rapides \u00e0 utiliser. La vanne de fermeture r\u00e9duit le niveau de pertes, permet une meilleure conservation du produit. Transparents pour une identification facile de la sauce et du niveau. Les lots de 2 et de 3 sont fournis avec un support acrylique.<br \/>Compatible lave-vaisselle. Vanne de fermeture. Facile \u00e0 nettoyer. Dimensions GN. La transparence facilite la visualisation du contenu. Respect de la r\u00e9glementation de l&rsquo;UE. Pompe \u00e0 sauce verticale. R\u00e9duit le niveau de perte. Livr\u00e9 avec support.Compatible lave-vaisselle.<\/p>\n<p>Caract\u00e9ristiques :<br \/> Capacit\u00e9 : 2,6 L.<br \/> Dimensions : 195(H) x 380(L) x 225(P) mm.<br \/> Mati\u00e8re : Polypropyl\u00e8ne.<br \/> Couleur : Transparent.<br \/> Bac GN : GN 1\/6XY.<\/p>\n","protected":false},"excerpt":{"rendered":"<p>Lot de 2 distributeurs de sauce Araven GN 1\/6 transparents 2.6L<\/p>\n","protected":false},"featured_media":85645,"comment_status":"closed","ping_status":"closed","template":"","meta":[],"product_brand":[],"product_cat":[1024,1023,1297,1029],"product_tag":[],"class_list":{"0":"post-64507","1":"product","2":"type-product","3":"status-publish","4":"has-post-thumbnail","6":"product_cat-accessoires-de-table","7":"product_cat-art-de-la-table","8":"product_cat-non-palettisable","9":"product_cat-presentation","10":"product_shipping_class-free-shipping","12":"first","13":"outofstock","14":"featured","15":"taxable","16":"shipping-taxable","17":"purchasable","18":"product-type-simple"},"_links":{"self":[{"href":"https:\/\/abinox-chr-clim.com\/index.php\/wp-json\/wp\/v2\/product\/64507","targetHints":{"allow":["GET"]}}],"collection":[{"href":"https:\/\/abinox-chr-clim.com\/index.php\/wp-json\/wp\/v2\/product"}],"about":[{"href":"https:\/\/abinox-chr-clim.com\/index.php\/wp-json\/wp\/v2\/types\/product"}],"replies":[{"embeddable":true,"href":"https:\/\/abinox-chr-clim.com\/index.php\/wp-json\/wp\/v2\/comments?post=64507"}],"wp:featuredmedia":[{"embeddable":true,"href":"https:\/\/abinox-chr-clim.com\/index.php\/wp-json\/wp\/v2\/media\/85645"}],"wp:attachment":[{"href":"https:\/\/abinox-chr-clim.com\/index.php\/wp-json\/wp\/v2\/media?parent=64507"}],"wp:term":[{"taxonomy":"product_brand","embeddable":true,"href":"https:\/\/abinox-chr-clim.com\/index.php\/wp-json\/wp\/v2\/product_brand?post=64507"},{"taxonomy":"product_cat","embeddable":true,"href":"https:\/\/abinox-chr-clim.com\/index.php\/wp-json\/wp\/v2\/product_cat?post=64507"},{"taxonomy":"product_tag","embeddable":true,"href":"https:\/\/abinox-chr-clim.com\/index.php\/wp-json\/wp\/v2\/product_tag?post=64507"}],"curies":[{"name":"wp","href":"https:\/\/api.w.org\/{rel}","templated":true}]}}