{"id":64501,"date":"2024-03-22T13:23:22","date_gmt":"2024-03-22T12:23:22","guid":{"rendered":"https:\/\/abinox-chr-clim.com\/index.php\/product\/distributeur-de-sauce-souple-vogue-570ml\/"},"modified":"2026-04-14T09:52:38","modified_gmt":"2026-04-14T07:52:38","slug":"distributeur-de-sauce-souple-vogue-570ml","status":"publish","type":"product","link":"https:\/\/abinox-chr-clim.com\/index.php\/product\/distributeur-de-sauce-souple-vogue-570ml\/","title":{"rendered":"Distributeur de sauce souple Vogue 570ml"},"content":{"rendered":"<p>Bouteille souple permettant une rotation parfaite des aliments gr\u00e2ce au remplissage par le haut et une distribution par le bas. La valve en silicone anti-goutte \u00e9vite la n\u00e9cessit\u00e9 de retourner la bouteille pour verser la sauce.<br \/>Aide \u00e0 promouvoir une bonne rotation des aliments. Design facile \u00e0 nettoyer pour gagner du temps &#8211; va au lave-vaisselle. Design anti-goutte &#8211; r\u00e9duit les d\u00e9g\u00e2ts et le gaspillage de nourriture. Design \u00e9troit avec couvercle \u00e0 vis &#8211; facile \u00e0 remplir et \u00e0 distribuer. Transparent &#8211; permet de voir facilement quand la recharge est n\u00e9cessaire.  Aide \u00e0 promouvoir une bonne rotation des aliments.<\/p>\n<p>Caract\u00e9ristiques :<br \/> Capacit\u00e9 : 570ml.<br \/> Dimensions : 210(H) x 70(\u00d8)mm.<br \/> Mati\u00e8re : Polypropyl\u00e8ne.<br \/> Couleur : Transparent.<\/p>\n","protected":false},"excerpt":{"rendered":"<p>Distributeur de sauce souple Vogue 570ml<\/p>\n","protected":false},"featured_media":85241,"comment_status":"closed","ping_status":"closed","template":"","meta":[],"product_brand":[],"product_cat":[1024,1023,1297,1029],"product_tag":[],"class_list":{"0":"post-64501","1":"product","2":"type-product","3":"status-publish","4":"has-post-thumbnail","6":"product_cat-accessoires-de-table","7":"product_cat-art-de-la-table","8":"product_cat-non-palettisable","9":"product_cat-presentation","10":"product_shipping_class-free-shipping","12":"first","13":"instock","14":"featured","15":"taxable","16":"shipping-taxable","17":"purchasable","18":"product-type-simple"},"_links":{"self":[{"href":"https:\/\/abinox-chr-clim.com\/index.php\/wp-json\/wp\/v2\/product\/64501","targetHints":{"allow":["GET"]}}],"collection":[{"href":"https:\/\/abinox-chr-clim.com\/index.php\/wp-json\/wp\/v2\/product"}],"about":[{"href":"https:\/\/abinox-chr-clim.com\/index.php\/wp-json\/wp\/v2\/types\/product"}],"replies":[{"embeddable":true,"href":"https:\/\/abinox-chr-clim.com\/index.php\/wp-json\/wp\/v2\/comments?post=64501"}],"wp:featuredmedia":[{"embeddable":true,"href":"https:\/\/abinox-chr-clim.com\/index.php\/wp-json\/wp\/v2\/media\/85241"}],"wp:attachment":[{"href":"https:\/\/abinox-chr-clim.com\/index.php\/wp-json\/wp\/v2\/media?parent=64501"}],"wp:term":[{"taxonomy":"product_brand","embeddable":true,"href":"https:\/\/abinox-chr-clim.com\/index.php\/wp-json\/wp\/v2\/product_brand?post=64501"},{"taxonomy":"product_cat","embeddable":true,"href":"https:\/\/abinox-chr-clim.com\/index.php\/wp-json\/wp\/v2\/product_cat?post=64501"},{"taxonomy":"product_tag","embeddable":true,"href":"https:\/\/abinox-chr-clim.com\/index.php\/wp-json\/wp\/v2\/product_tag?post=64501"}],"curies":[{"name":"wp","href":"https:\/\/api.w.org\/{rel}","templated":true}]}}